{"id":42843,"date":"2024-12-17T11:28:07","date_gmt":"2024-12-17T11:28:07","guid":{"rendered":"https:\/\/www.pilgrim.pt\/politica-de-cookies\/"},"modified":"2025-01-25T09:03:41","modified_gmt":"2025-01-25T09:03:41","slug":"politica-de-cookies","status":"publish","type":"page","link":"https:\/\/www.pilgrim.pt\/pt-pt\/politica-de-cookies\/","title":{"rendered":"Pol\u00edtica de cookies"},"content":{"rendered":"\t\t<div data-elementor-type=\"wp-page\" data-elementor-id=\"42843\" class=\"elementor elementor-42843 elementor-42827\" data-elementor-post-type=\"page\">\n\t\t\t\t<div class=\"elementor-element elementor-element-46424bbb e-flex e-con-boxed cmsmasters-block-default e-con e-parent\" data-id=\"46424bbb\" data-element_type=\"container\">\n\t\t\t\t\t<div class=\"e-con-inner\">\n\t\t\t\t<div class=\"elementor-element elementor-element-653c1590 cmsmasters-block-default cmsmasters-sticky-default elementor-widget elementor-widget-text-editor\" data-id=\"653c1590\" data-element_type=\"widget\" data-widget_type=\"text-editor.default\">\n\t\t\t\t<div class=\"elementor-widget-container\">\n\t\t\t\t\t\t\t\t\t<p>Data de entrada em vigor: 1 de dezembro de 2024<br>Data de revis\u00e3o: 25 de janeiro de 2025<\/p>\n<p>Esta Pol\u00edtica de Cookies explica o que s\u00e3o cookies, como os utilizamos, os tipos de cookies que utilizamos e como podes gerir as tuas prefer\u00eancias. Tamb\u00e9m fornece informa\u00e7\u00f5es para cumprir as leis aplic\u00e1veis, incluindo o <strong>Regulamento Geral de Prote\u00e7\u00e3o de Dados da UE (GDPR)<\/strong> e a <strong>Lei de Privacidade do Consumidor da Calif\u00f3rnia (CCPA\/CPRA)<\/strong>.<\/p>\n<h2>O que s\u00e3o cookies?<\/h2>\n<p>Os cookies s\u00e3o pequenos ficheiros de texto armazenados no teu dispositivo (computador, tablet, smartphone) quando visitas um s\u00edtio Web. Permitem aos s\u00edtios Web memorizar informa\u00e7\u00f5es sobre a tua sess\u00e3o, prefer\u00eancias ou ac\u00e7\u00f5es para melhorar a funcionalidade, analisar o desempenho do s\u00edtio e fornecer an\u00fancios relevantes.<\/p>\n<h2>Como utilizamos os cookies<\/h2>\n<p>Utilizamos <strong>cookies de primeira parte<\/strong> (definidos por n\u00f3s) e <strong>cookies de terceiros<\/strong> (definidos por servi\u00e7os externos). Os cookies s\u00e3o categorizados da seguinte forma:<\/p>\n<p>[wcc_category_list]<\/p>\n<h2>O teu consentimento e como gerir os cookies<\/h2>\n<p>Aquando da tua primeira visita ao nosso s\u00edtio Web, ver\u00e1s uma <strong>faixa de consentimento de cookies<\/strong>. Os cookies n\u00e3o essenciais (funcionais, anal\u00edticos, de segmenta\u00e7\u00e3o) <strong>n\u00e3o<\/strong> ser\u00e3o <strong>colocados<\/strong> no teu dispositivo, a menos que d\u00eas o teu consentimento expl\u00edcito.<\/p>\n<h3>Gerir as prefer\u00eancias de cookies<\/h3>\n<p>Podes alterar as tuas prefer\u00eancias em qualquer altura, clicando nesta liga\u00e7\u00e3o ([wcc_preference_button]) ou no bot\u00e3o de defini\u00e7\u00f5es de cookies que deves encontrar no canto inferior esquerdo do teu ecr\u00e3. Isto permitir-te-\u00e1 aceitar, rejeitar ou personalizar as tuas prefer\u00eancias de cookies. Podes alterar as defini\u00e7\u00f5es do teu browser para bloquear\/eliminar os cookies.<\/p>\n<h3>Defini\u00e7\u00f5es do navegador<\/h3>\n<p>Tamb\u00e9m podes controlar os cookies atrav\u00e9s das defini\u00e7\u00f5es do teu browser. As instru\u00e7\u00f5es para gerir os cookies nos principais browsers est\u00e3o ligadas abaixo:<\/p>\n<ul>\n<li><a href=\"https:\/\/support.google.com\/accounts\/answer\/32050\" target=\"_new\" rel=\"noopener\">Google Chrome<\/a><\/li>\n<li><a href=\"https:\/\/support.apple.com\/en-in\/guide\/safari\/sfri11471\/mac\" target=\"_new\" rel=\"noopener\">Safari<\/a><\/li>\n<li><a href=\"https:\/\/support.mozilla.org\/en-US\/kb\/clear-cookies-and-site-data-firefox\" target=\"_new\" rel=\"noopener\">Mozilla Firefox<\/a><\/li>\n<li><a href=\"https:\/\/support.microsoft.com\/en-us\/help\/4027947\/microsoft-edge-delete-cookies\" target=\"_new\" rel=\"noopener\">Microsoft Edge<\/a><\/li>\n<li><a href=\"https:\/\/support.brave.com\/hc\/en-us\/articles\/360048833872-How-Do-I-Clear-Cookies-And-Site-Data-In-Brave\">Brave<\/a><\/li>\n<\/ul>\n<p>Se estiveres a utilizar outro browser, consulta a documenta\u00e7\u00e3o de suporte oficial desse browser.<\/p>\n<h2>Per\u00edodo de conserva\u00e7\u00e3o<\/h2>\n<p>Os cookies t\u00eam per\u00edodos de reten\u00e7\u00e3o vari\u00e1veis consoante o seu tipo:<\/p>\n<ul>\n<li><strong>Cookies de sess\u00e3o<\/strong>: S\u00e3o apagados automaticamente quando fechas o browser.<\/li>\n<li><strong>Cookies persistentes<\/strong>: Permanecem no teu dispositivo durante um per\u00edodo espec\u00edfico ou at\u00e9 os apagares.<\/li>\n<\/ul>\n<p>No caso de cookies de terceiros, consulta as respectivas pol\u00edticas de privacidade para obteres mais informa\u00e7\u00f5es.<\/p>\n<h2>Os teus direitos<\/h2>\n<p>Ao abrigo do <strong>RGPD<\/strong>, tens os seguintes direitos:<\/p>\n<ul>\n<li><strong>Direito de acesso<\/strong>: Solicita o acesso aos dados pessoais recolhidos atrav\u00e9s de cookies.<\/li>\n<li><strong>Direito de retirar o consentimento<\/strong>: Altera ou retira o consentimento em qualquer altura.<\/li>\n<li><strong>Direito de apagamento<\/strong>: Solicita que os teus dados pessoais sejam apagados.<\/li>\n<\/ul>\n<p>Ao abrigo da <strong>CCPA\/CPRA<\/strong>, os residentes da Calif\u00f3rnia t\u00eam o direito de:<\/p>\n<ul>\n<li><strong>Conhece<\/strong> as categorias de informa\u00e7\u00f5es pessoais recolhidas.<\/li>\n<li><strong>Recusa a<\/strong> venda ou a partilha de dados pessoais.<\/li>\n<li><strong>Solicita a elimina\u00e7\u00e3o<\/strong> dos dados recolhidos.<\/li>\n<\/ul>\n<p>Se pretenderes exercer os teus direitos, contacta-nos atrav\u00e9s de <strong>[insert email address]<\/strong>.<br>Para os residentes na Calif\u00f3rnia, tamb\u00e9m podes clicar na liga\u00e7\u00e3o <strong>&#8220;N\u00e3o vender ou partilhar as minhas informa\u00e7\u00f5es pessoais&#8221;<\/strong> abaixo:<\/p>\n<p><strong>[Do Not Sell or Share My Personal Information]<\/strong><\/p>\n<h2>Altera\u00e7\u00f5es a esta pol\u00edtica de cookies<\/h2>\n<p>Podemos atualizar esta Pol\u00edtica de Cookies periodicamente para refletir altera\u00e7\u00f5es na tecnologia, na lei ou nas opera\u00e7\u00f5es comerciais. Quaisquer actualiza\u00e7\u00f5es ser\u00e3o publicadas nesta p\u00e1gina com a nova data de entrada em vigor.<\/p>\n<h2>Contacta-nos<\/h2>\n<p>Se tiveres d\u00favidas sobre esta Pol\u00edtica de Cookies ou sobre a nossa utiliza\u00e7\u00e3o de cookies, contacta-nos:<br><strong>Correio eletr\u00f3nico<\/strong>: phillip@pilgrim.pt<br><strong>Endere\u00e7o postal<\/strong>:&nbsp;<span style=\"text-align: var(--text-align); background-color: var(--cmsmasters-main-container-bg-color); color: var(--cmsmasters-colors-text); font-family: var(--cmsmasters-base-font-family); font-size: var(--cmsmasters-base-font-size); font-style: var(--cmsmasters-base-font-style); font-weight: var(--cmsmasters-base-font-weight); letter-spacing: var(--cmsmasters-base-letter-spacing); text-transform: var(--cmsmasters-base-text-transform); word-spacing: var(--cmsmasters-base-word-spacing);\">Praceta do Vilar Bloco A2, Loja 6, 4710-453 Braga, Portugal<\/span><\/p>\t\t\t\t\t\t\t\t<\/div>\n\t\t\t\t<\/div>\n\t\t\t\t\t<\/div>\n\t\t\t\t<\/div>\n\t\t\t\t<\/div>\n\t\t","protected":false},"excerpt":{"rendered":"<p>Data de entrada em vigor: 1 de dezembro de 2024Data de revis\u00e3o: 25 de janeiro de 2025 Esta Pol\u00edtica de Cookies explica o que s\u00e3o cookies, como os utilizamos, os&#8230;<\/p>\n","protected":false},"author":1,"featured_media":0,"parent":0,"menu_order":0,"comment_status":"closed","ping_status":"closed","template":"","meta":{"_acf_changed":false,"footnotes":""},"categories":[],"tags":[],"class_list":["post-42843","page","type-page","status-publish","hentry"],"acf":[],"_links":{"self":[{"href":"https:\/\/www.pilgrim.pt\/pt-pt\/wp-json\/wp\/v2\/pages\/42843","targetHints":{"allow":["GET"]}}],"collection":[{"href":"https:\/\/www.pilgrim.pt\/pt-pt\/wp-json\/wp\/v2\/pages"}],"about":[{"href":"https:\/\/www.pilgrim.pt\/pt-pt\/wp-json\/wp\/v2\/types\/page"}],"author":[{"embeddable":true,"href":"https:\/\/www.pilgrim.pt\/pt-pt\/wp-json\/wp\/v2\/users\/1"}],"replies":[{"embeddable":true,"href":"https:\/\/www.pilgrim.pt\/pt-pt\/wp-json\/wp\/v2\/comments?post=42843"}],"version-history":[{"count":7,"href":"https:\/\/www.pilgrim.pt\/pt-pt\/wp-json\/wp\/v2\/pages\/42843\/revisions"}],"predecessor-version":[{"id":43007,"href":"https:\/\/www.pilgrim.pt\/pt-pt\/wp-json\/wp\/v2\/pages\/42843\/revisions\/43007"}],"wp:attachment":[{"href":"https:\/\/www.pilgrim.pt\/pt-pt\/wp-json\/wp\/v2\/media?parent=42843"}],"wp:term":[{"taxonomy":"category","embeddable":true,"href":"https:\/\/www.pilgrim.pt\/pt-pt\/wp-json\/wp\/v2\/categories?post=42843"},{"taxonomy":"post_tag","embeddable":true,"href":"https:\/\/www.pilgrim.pt\/pt-pt\/wp-json\/wp\/v2\/tags?post=42843"}],"curies":[{"name":"wp","href":"https:\/\/api.w.org\/{rel}","templated":true}]}}