{"id":42642,"date":"2024-12-12T11:56:36","date_gmt":"2024-12-12T11:56:36","guid":{"rendered":"https:\/\/www.pilgrim.pt\/denominacoes\/"},"modified":"2024-12-13T15:06:38","modified_gmt":"2024-12-13T15:06:38","slug":"denominacoes","status":"publish","type":"page","link":"https:\/\/www.pilgrim.pt\/pt-pt\/denominacoes\/","title":{"rendered":"Denomina\u00e7\u00f5es"},"content":{"rendered":"\t\t<div data-elementor-type=\"wp-page\" data-elementor-id=\"42642\" class=\"elementor elementor-42642 elementor-42629\" data-elementor-post-type=\"page\">\n\t\t\t\t<div class=\"elementor-element elementor-element-4e20e7ac e-flex e-con-boxed cmsmasters-bg-hide-none cmsmasters-bg-hide-none cmsmasters-block-default e-con e-parent\" data-id=\"4e20e7ac\" data-element_type=\"container\" data-settings=\"{&quot;background_background&quot;:&quot;classic&quot;}\">\n\t\t\t\t\t<div class=\"e-con-inner\">\n\t\t\t\t<div class=\"elementor-element elementor-element-47a786ff cmsmasters-block-default cmsmasters-sticky-default elementor-widget elementor-widget-heading\" data-id=\"47a786ff\" data-element_type=\"widget\" data-widget_type=\"heading.default\">\n\t\t\t\t<div class=\"elementor-widget-container\">\n\t\t\t\t\t<h1 class=\"elementor-heading-title elementor-size-default\">Denomina\u00e7\u00f5es<\/h1>\t\t\t\t<\/div>\n\t\t\t\t<\/div>\n\t\t\t\t\t<\/div>\n\t\t\t\t<\/div>\n\t\t<div class=\"elementor-element elementor-element-1c200ca e-flex e-con-boxed cmsmasters-block-default e-con e-parent\" data-id=\"1c200ca\" data-element_type=\"container\">\n\t\t\t\t\t<div class=\"e-con-inner\">\n\t\t\t\t<div class=\"elementor-element elementor-element-029b685 cmsmasters-block-default cmsmasters-sticky-default elementor-widget elementor-widget-text-editor\" data-id=\"029b685\" data-element_type=\"widget\" data-widget_type=\"text-editor.default\">\n\t\t\t\t<div class=\"elementor-widget-container\">\n\t\t\t\t\t\t\t\t\t<h1 class=\"elementor-heading-title elementor-size-default elementor-inline-editing pen\" contenteditable=\"true\" data-elementor-setting-key=\"title\" data-pen-placeholder=\"Type Here...\">Compreender as Denomina\u00e7\u00f5es Crist\u00e3s: Porque existem e porque s\u00e3o importantes<\/h1>\n<p data-pm-slice=\"1 1 []\">O cristianismo \u00e9 uma f\u00e9 global com mais de dois mil milh\u00f5es de adeptos, mas n\u00e3o \u00e9 um corpo monol\u00edtico. Em vez disso, \u00e9 constitu\u00eddo por in\u00fameros grupos mais pequenos, muitas vezes designados por &#8220;denomina\u00e7\u00f5es&#8221;. Mas o que \u00e9 exatamente uma denomina\u00e7\u00e3o e porque \u00e9 que elas existem? Para responder a estas perguntas, vamos explorar a natureza e o objetivo das denomina\u00e7\u00f5es dentro da f\u00e9 crist\u00e3.   <\/p>\n<h2>O que \u00e9 uma denomina\u00e7\u00e3o?<\/h2>\n<p>A palavra &#8220;denomina\u00e7\u00e3o&#8221; vem da raiz latina <em>nomen<\/em>, que significa &#8220;nome&#8221;. Uma denomina\u00e7\u00e3o \u00e9 essencialmente um grupo de crist\u00e3os que s\u00e3o identificados por um nome comum, que reflecte cren\u00e7as, pr\u00e1ticas, hist\u00f3ria e cultura partilhadas, ou estruturas organizacionais. Assim como os nomes nos ajudam a distinguir as pessoas, os nomes denominacionais ajudam a identificar grupos distintos de crist\u00e3os que, embora muitas vezes unidos em suas cren\u00e7as fundamentais, diferem em algumas quest\u00f5es doutrin\u00e1rias ou pr\u00e1ticas espec\u00edficas.  <\/p>\n<p>Por exemplo, os baptistas derivam o seu nome da sua cren\u00e7a distintiva no &#8220;batismo do crente&#8221; &#8211; a convic\u00e7\u00e3o de que o batismo \u00e9 reservado \u00e0queles que professam a f\u00e9 em Cristo e deve ser realizado por imers\u00e3o total. Os presbiterianos, por outro lado, tiram o seu nome da palavra grega <em>presbyteros<\/em> (anci\u00e3o) porque s\u00e3o governados por anci\u00e3os e t\u00eam cren\u00e7as distintas sobre a teologia da alian\u00e7a e os sacramentos. Estas diferen\u00e7as, embora significativas, n\u00e3o negam a f\u00e9 partilhada que une todos os crentes em Jesus Cristo e ultrapassa as linhas denominacionais, como Paulo nos recorda: &#8220;H\u00e1 um s\u00f3 corpo e um s\u00f3 Esp\u00edrito&#8230; um s\u00f3 Senhor, uma s\u00f3 f\u00e9, um s\u00f3 batismo&#8221; (Ef\u00e9sios 4,4-5).  <\/p>\n<h2 class=\"font-600 text-lg font-bold\">Igrejas n\u00e3o confessionais<\/h2>\n<p class=\"whitespace-pre-wrap break-words\">Algumas igrejas se identificam como &#8220;n\u00e3o denominacionais&#8221;, operando de forma independente, sem la\u00e7os denominacionais formais. Muitas igrejas n\u00e3o denominacionais seguem doutrinas e pr\u00e1ticas amplamente batistas, como o batismo do crente e o governo congregacional. Algumas se afiliam a redes que funcionam de forma semelhante \u00e0s denomina\u00e7\u00f5es, fornecendo recursos e promovendo a coopera\u00e7\u00e3o entre igrejas que pensam da mesma forma.  <\/p>\n<h2>Por que existem denomina\u00e7\u00f5es?<\/h2>\n<h3>1. Convic\u00e7\u00f5es teol\u00f3gicas<\/h3>\n<p>Os crist\u00e3os s\u00e3o chamados a viver de acordo com a sua compreens\u00e3o da Palavra de Deus. No entanto, os crist\u00e3os fi\u00e9is chegam por vezes a interpreta\u00e7\u00f5es diferentes das Escrituras. As Escrituras ensinam que devemos estar &#8220;plenamente convictos em nossas pr\u00f3prias mentes&#8221; (Romanos 14:5) em rela\u00e7\u00e3o a quest\u00f5es de f\u00e9 e pr\u00e1tica. Por exemplo, embora todos os crist\u00e3os afirmem a import\u00e2ncia do batismo, podem discordar quanto ao modo adequado (imers\u00e3o, aspers\u00e3o ou derramamento) ou quanto aos destinat\u00e1rios apropriados (crian\u00e7as ou crentes professos). Estas convic\u00e7\u00f5es divergentes levaram \u00e0 forma\u00e7\u00e3o de denomina\u00e7\u00f5es que permitem aos crentes praticar a sua f\u00e9 de acordo com a sua compreens\u00e3o da B\u00edblia.    <\/p>\n<h3>2. Unidade organizacional<\/h3>\n<p>As denomina\u00e7\u00f5es fornecem uma estrutura para a coopera\u00e7\u00e3o entre igrejas com cren\u00e7as e objectivos comuns. Isto reflecte o padr\u00e3o do Novo Testamento de as igrejas se reunirem para decidir quest\u00f5es doutrin\u00e1rias (por exemplo, o Conc\u00edlio de Jerusal\u00e9m de Actos 15) e apoiarem-se umas \u00e0s outras de forma pr\u00e1tica, como se viu na coleta da Igreja primitiva para Jerusal\u00e9m (2 Cor\u00edntios 8-9). <\/p>\n<p class=\"whitespace-pre-wrap break-words\">Atualmente, esta estrutura organizacional permite \u00e0s igrejas<\/p>\n<ul class=\"-mt-1 [li&gt;&amp;]:mt-2 list-disc space-y-2 pl-8\">\n<li class=\"whitespace-normal break-words\">Apoia-te mutuamente no minist\u00e9rio<\/li>\n<li class=\"whitespace-normal break-words\">Planta novas congrega\u00e7\u00f5es<\/li>\n<li class=\"whitespace-normal break-words\">Envia mission\u00e1rios<\/li>\n<li class=\"whitespace-normal break-words\">Proporciona educa\u00e7\u00e3o teol\u00f3gica<\/li>\n<li class=\"whitespace-normal break-words\">Agrupa recursos para iniciativas de maior dimens\u00e3o<\/li>\n<\/ul>\n<h3>3. Contextos culturais e hist\u00f3ricos<\/h3>\n<p>Algumas denomina\u00e7\u00f5es surgiram devido \u00e0 partilha da l\u00edngua, da cultura ou de experi\u00eancias hist\u00f3ricas. Essa diversidade cumpre a vis\u00e3o de Apocalipse 7:9, que descreve &#8220;uma grande multid\u00e3o&#8230; de todas as na\u00e7\u00f5es, tribos, povos e l\u00ednguas&#8221; adorando diante do trono de Deus. Por exemplo, a Igreja Luterana tem as suas ra\u00edzes em Martinho Lutero e na Reforma na Alemanha, e muitas denomina\u00e7\u00f5es luteranas reflectem hoje as tradi\u00e7\u00f5es e liturgias das suas origens alem\u00e3s, escandinavas ou outras origens \u00e9tnicas. Do mesmo modo, a Igreja Ortodoxa est\u00e1 muitas vezes organizada segundo linhas nacionais, como \u00e9 o caso da Igreja Ortodoxa Grega ou da Igreja Ortodoxa Ucraniana.   <\/p>\n<h2>As marcas de uma verdadeira igreja<\/h2>\n<p>Historicamente, os te\u00f3logos reformados identificaram tr\u00eas marcas de uma igreja verdadeira: a prega\u00e7\u00e3o fiel da Palavra de Deus, a administra\u00e7\u00e3o correta dos sacramentos e o exerc\u00edcio da disciplina da igreja. Estas marcas ajudam a distinguir as igrejas verdadeiras das falsas, orientando os crentes na sua procura de congrega\u00e7\u00f5es fi\u00e9is. <\/p>\n<p>Entre as denomina\u00e7\u00f5es reformadas, considerar\u00edamos que algumas s\u00e3o fi\u00e9is e verdadeiras a estas marcas, enquanto outras podem ficar aqu\u00e9m. Por exemplo, algumas denomina\u00e7\u00f5es reformadas continuam comprometidas com os meios ordin\u00e1rios da gra\u00e7a &#8211; prega\u00e7\u00e3o, sacramentos e ora\u00e7\u00e3o &#8211; enquanto outras podem adotar pr\u00e1ticas ou doutrinas que divergem dos padr\u00f5es b\u00edblicos. O mesmo se aplica aos baptistas, metodistas, luteranos, anglicanos e outros tipos de crist\u00e3os.  <\/p>\n<h2>Porque \u00e9 que as denomina\u00e7\u00f5es s\u00e3o \u00fateis<\/h2>\n<p>Embora a exist\u00eancia de denomina\u00e7\u00f5es possa, por vezes, parecer uma divis\u00e3o, na verdade elas servem v\u00e1rios objectivos importantes dentro da comunidade crist\u00e3 mais alargada:<\/p>\n<h3>1. Clareza e identidade<\/h3>\n<p>As denomina\u00e7\u00f5es ajudam a clarificar aquilo em que um determinado grupo de crist\u00e3os acredita e pratica. Esta clareza permite que as pessoas encontrem uma comunidade eclesial que esteja de acordo com a sua compreens\u00e3o das Escrituras e da tradi\u00e7\u00e3o crist\u00e3. <\/p>\n<h3>2. Liberdade de consci\u00eancia<\/h3>\n<p>Ao organizarem-se em denomina\u00e7\u00f5es, os crist\u00e3os podem honrar as suas convic\u00e7\u00f5es sem for\u00e7ar a uniformidade sobre os outros. Isto segue o princ\u00edpio b\u00edblico de manter a pureza em quest\u00f5es doutrinais e pr\u00e1ticas importantes, ao mesmo tempo que lida graciosamente com as diferen\u00e7as em quest\u00f5es n\u00e3o essenciais (Romanos 14:1-12). <\/p>\n<h3>3. Colabora\u00e7\u00e3o e miss\u00e3o<\/h3>\n<p>As denomina\u00e7\u00f5es permitem que as igrejas trabalhem em conjunto de forma eficaz no cumprimento da Grande Comiss\u00e3o de Cristo (Mateus 28:19-20). Este esp\u00edrito de coopera\u00e7\u00e3o fortalece o nosso testemunho e alarga o nosso alcance na divulga\u00e7\u00e3o do Evangelho. <\/p>\n<h3>4. Reconhecimento da diversidade<\/h3>\n<p>As denomina\u00e7\u00f5es reconhecem a diversidade dentro do corpo de Cristo. Permitem que os crentes que falam uma l\u00edngua comum e partilham uma heran\u00e7a comum prestem culto, desfrutem de comunh\u00e3o e trabalhem em conjunto, ao mesmo tempo que afirmam a f\u00e9 partilhada que une todos os crist\u00e3os nascidos de novo. <\/p>\n<h2>Denomina\u00e7\u00f5es e Igreja Internacional do Peregrino em contexto<\/h2>\n<p class=\"whitespace-pre-wrap break-words\">Como igreja reformada em Braga, Portugal, Igreja Internacional do Peregrino ocupa uma posi\u00e7\u00e3o \u00fanica. Embora atualmente mantenhamos la\u00e7os com a Igreja Presbiteriana na Am\u00e9rica (PCA) atrav\u00e9s do nosso pastor, a nossa localiza\u00e7\u00e3o apresenta tanto desafios como oportunidades: <\/p>\n<h3 class=\"font-600 text-lg font-bold\">A nossa miss\u00e3o local<\/h3>\n<ul class=\"-mt-1 [li&gt;&amp;]:mt-2 list-disc space-y-2 pl-8\">\n<li class=\"whitespace-normal break-words\">Serve a comunidade internacional de l\u00edngua inglesa em Braga<\/li>\n<li class=\"whitespace-normal break-words\">Construir pontes com as igrejas evang\u00e9licas portuguesas e a Igreja Cat\u00f3lica Romana, sempre que poss\u00edvel<\/li>\n<li class=\"whitespace-normal break-words\">Mant\u00e9m as convic\u00e7\u00f5es reformadas ao mesmo tempo que abra\u00e7a a diversidade cultural<\/li>\n<li class=\"whitespace-normal break-words\">Exerce uma influ\u00eancia reformadora na vida espiritual, intelectual e cultural de Braga e da regi\u00e3o do Minho<\/li>\n<\/ul>\n<h3 class=\"font-600 text-lg font-bold\">Considera\u00e7\u00f5es denominacionais<\/h3>\n<p class=\"whitespace-pre-wrap break-words\">Estamos a explorar, em esp\u00edrito de ora\u00e7\u00e3o, afilia\u00e7\u00f5es denominacionais que possam:<\/p>\n<ul class=\"-mt-1 [li&gt;&amp;]:mt-2 list-disc space-y-2 pl-8\">\n<li class=\"whitespace-normal break-words\">Apoia os nossos compromissos teol\u00f3gicos reformados e presbiterianos<\/li>\n<li class=\"whitespace-normal break-words\">Possibilita um minist\u00e9rio eficaz em Portugal<\/li>\n<li class=\"whitespace-normal break-words\">Facilita a parceria com outras igrejas reformadas na Europa<\/li>\n<li class=\"whitespace-normal break-words\">Oferece responsabilidade e encorajamento<\/li>\n<\/ul>\n<h3 class=\"font-600 text-lg font-bold\">Fam\u00edlias e visitantes inter-religiosos<\/h3>\n<p class=\"whitespace-pre-wrap break-words\">Acolhemos pessoas de v\u00e1rias origens religiosas e confessionais e procuramos:<\/p>\n<ul class=\"-mt-1 [li&gt;&amp;]:mt-2 list-disc space-y-2 pl-8\">\n<li>Comunicar claramente o evangelho e chamar todas as pessoas ao arrependimento do pecado e \u00e0 f\u00e9 no Senhor Jesus Cristo<\/li>\n<li class=\"whitespace-normal break-words\">Ajuda os rec\u00e9m-chegados a compreender a doutrina reformada, o culto e o governo da igreja<\/li>\n<li class=\"whitespace-normal break-words\">Apoia fam\u00edlias com diferentes tradi\u00e7\u00f5es teol\u00f3gicas<\/li>\n<li class=\"whitespace-normal break-words\">Mant\u00e9m a unidade no essencial, mostrando gra\u00e7a nas diferen\u00e7as<\/li>\n<li class=\"whitespace-normal break-words\">Fornece recursos para o crescimento e compreens\u00e3o teol\u00f3gicos<\/li>\n<\/ul>\n<h2>Conclus\u00e3o<\/h2>\n<p>As denomina\u00e7\u00f5es crist\u00e3s n\u00e3o s\u00e3o um sinal de fracasso ou divis\u00e3o na igreja global, mas um reflexo de diferen\u00e7as reais e importantes na interpreta\u00e7\u00e3o, na l\u00edngua e na hist\u00f3ria, bem como da diversidade do povo de Deus. As denomina\u00e7\u00f5es existem porque os crist\u00e3os fi\u00e9is procuram viver de acordo com as suas convic\u00e7\u00f5es, apoiam-se uns aos outros no minist\u00e9rio e honram os contextos culturais e hist\u00f3ricos em que Deus os colocou. Ao compreendermos e apreciarmos as denomina\u00e7\u00f5es, podemos celebrar melhor a unidade que partilhamos em Cristo e trabalhar em conjunto para a gl\u00f3ria de Deus.  <\/p>\n\t\t\t\t\t\t\t\t<\/div>\n\t\t\t\t<\/div>\n\t\t\t\t\t<\/div>\n\t\t\t\t<\/div>\n\t\t<div class=\"elementor-element elementor-element-068235a e-flex e-con-boxed cmsmasters-block-default e-con e-parent\" data-id=\"068235a\" data-element_type=\"container\">\n\t\t\t\t\t<div class=\"e-con-inner\">\n\t\t\t\t<div class=\"elementor-element elementor-element-67a5270 elementor-cta--skin-cover elementor-animated-content elementor-bg-transform elementor-bg-transform-zoom-in cmsmasters-block-default cmsmasters-sticky-default elementor-widget elementor-widget-call-to-action\" data-id=\"67a5270\" data-element_type=\"widget\" data-widget_type=\"call-to-action.default\">\n\t\t\t\t<div class=\"elementor-widget-container\">\n\t\t\t\t\t\t\t<div class=\"elementor-cta\">\n\t\t\t\t\t<div class=\"elementor-cta__bg-wrapper\">\n\t\t\t\t<div class=\"elementor-cta__bg elementor-bg\" style=\"background-image: url(https:\/\/www.pilgrim.pt\/wp-content\/uploads\/2024\/12\/Reformers-Monument-1024x684.jpg);\" role=\"img\" aria-label=\"Reformers Monument\"><\/div>\n\t\t\t\t<div class=\"elementor-cta__bg-overlay\"><\/div>\n\t\t\t<\/div>\n\t\t\t\t\t\t\t<div class=\"elementor-cta__content\">\n\t\t\t\t\n\t\t\t\t\t\t\t\t\t<h2 class=\"elementor-cta__title elementor-cta__content-item elementor-content-item elementor-animated-item--grow\">\n\t\t\t\t\t\tSabe mais sobre as denomina\u00e7\u00f5es no artigo sobre a Reforma\t\t\t\t\t<\/h2>\n\t\t\t\t\n\t\t\t\t\n\t\t\t\t\t\t\t\t\t<div class=\"elementor-cta__button-wrapper elementor-cta__content-item elementor-content-item elementor-animated-item--grow\">\n\t\t\t\t\t<a class=\"elementor-cta__button elementor-button elementor-size-\" href=\"https:\/\/www.pilgrim.pt\/pt-pt\/reforma\/\">\n\t\t\t\t\t\tA Reforma\t\t\t\t\t<\/a>\n\t\t\t\t\t<\/div>\n\t\t\t\t\t\t\t<\/div>\n\t\t\t\t\t\t<\/div>\n\t\t\t\t\t\t<\/div>\n\t\t\t\t<\/div>\n\t\t\t\t\t<\/div>\n\t\t\t\t<\/div>\n\t\t\t\t<\/div>\n\t\t","protected":false},"excerpt":{"rendered":"<p>Denomina\u00e7\u00f5es Compreender as Denomina\u00e7\u00f5es Crist\u00e3s: Porque existem e porque s\u00e3o importantes O cristianismo \u00e9 uma f\u00e9 global com mais de dois mil milh\u00f5es de adeptos, mas n\u00e3o \u00e9 um corpo&#8230;<\/p>\n","protected":false},"author":1,"featured_media":42667,"parent":0,"menu_order":0,"comment_status":"closed","ping_status":"closed","template":"elementor_header_footer","meta":{"_acf_changed":false,"footnotes":""},"categories":[90],"tags":[86],"class_list":["post-42642","page","type-page","status-publish","has-post-thumbnail","hentry","category-artigo","tag-primeira-pagina"],"acf":[],"_links":{"self":[{"href":"https:\/\/www.pilgrim.pt\/pt-pt\/wp-json\/wp\/v2\/pages\/42642","targetHints":{"allow":["GET"]}}],"collection":[{"href":"https:\/\/www.pilgrim.pt\/pt-pt\/wp-json\/wp\/v2\/pages"}],"about":[{"href":"https:\/\/www.pilgrim.pt\/pt-pt\/wp-json\/wp\/v2\/types\/page"}],"author":[{"embeddable":true,"href":"https:\/\/www.pilgrim.pt\/pt-pt\/wp-json\/wp\/v2\/users\/1"}],"replies":[{"embeddable":true,"href":"https:\/\/www.pilgrim.pt\/pt-pt\/wp-json\/wp\/v2\/comments?post=42642"}],"version-history":[{"count":2,"href":"https:\/\/www.pilgrim.pt\/pt-pt\/wp-json\/wp\/v2\/pages\/42642\/revisions"}],"predecessor-version":[{"id":42819,"href":"https:\/\/www.pilgrim.pt\/pt-pt\/wp-json\/wp\/v2\/pages\/42642\/revisions\/42819"}],"wp:featuredmedia":[{"embeddable":true,"href":"https:\/\/www.pilgrim.pt\/pt-pt\/wp-json\/wp\/v2\/media\/42667"}],"wp:attachment":[{"href":"https:\/\/www.pilgrim.pt\/pt-pt\/wp-json\/wp\/v2\/media?parent=42642"}],"wp:term":[{"taxonomy":"category","embeddable":true,"href":"https:\/\/www.pilgrim.pt\/pt-pt\/wp-json\/wp\/v2\/categories?post=42642"},{"taxonomy":"post_tag","embeddable":true,"href":"https:\/\/www.pilgrim.pt\/pt-pt\/wp-json\/wp\/v2\/tags?post=42642"}],"curies":[{"name":"wp","href":"https:\/\/api.w.org\/{rel}","templated":true}]}}