{"id":42156,"date":"2024-12-09T21:21:13","date_gmt":"2024-12-09T21:21:13","guid":{"rendered":"https:\/\/www.pilgrim.pt\/como-ser-salvo\/"},"modified":"2024-12-13T10:45:26","modified_gmt":"2024-12-13T10:45:26","slug":"como-ser-salvo","status":"publish","type":"page","link":"https:\/\/www.pilgrim.pt\/pt-pt\/como-ser-salvo\/","title":{"rendered":"Como ser salvo"},"content":{"rendered":"\t\t<div data-elementor-type=\"wp-page\" data-elementor-id=\"42156\" class=\"elementor elementor-42156 elementor-42147\" data-elementor-post-type=\"page\">\n\t\t\t\t<div class=\"elementor-element elementor-element-172902b e-flex e-con-boxed cmsmasters-block-default e-con e-parent\" data-id=\"172902b\" data-element_type=\"container\">\n\t\t\t\t\t<div class=\"e-con-inner\">\n\t\t\t\t\t<\/div>\n\t\t\t\t<\/div>\n\t\t<div class=\"elementor-element elementor-element-185e846e e-flex e-con-boxed cmsmasters-bg-hide-none cmsmasters-bg-hide-none cmsmasters-block-default e-con e-parent\" data-id=\"185e846e\" data-element_type=\"container\" data-settings=\"{&quot;background_background&quot;:&quot;classic&quot;}\">\n\t\t\t\t\t<div class=\"e-con-inner\">\n\t\t\t\t<div class=\"elementor-element elementor-element-6fa96c8d cmsmasters-block-default cmsmasters-sticky-default elementor-widget elementor-widget-heading\" data-id=\"6fa96c8d\" data-element_type=\"widget\" data-widget_type=\"heading.default\">\n\t\t\t\t<div class=\"elementor-widget-container\">\n\t\t\t\t\t<h1 class=\"elementor-heading-title elementor-size-default\">Como ser salvo<\/h1>\t\t\t\t<\/div>\n\t\t\t\t<\/div>\n\t\t\t\t\t<\/div>\n\t\t\t\t<\/div>\n\t\t<div class=\"elementor-element elementor-element-678fe52 e-flex e-con-boxed cmsmasters-block-default e-con e-parent\" data-id=\"678fe52\" data-element_type=\"container\">\n\t\t\t\t\t<div class=\"e-con-inner\">\n\t\t\t\t<div class=\"elementor-element elementor-element-a53800b cmsmasters-block-default cmsmasters-sticky-default elementor-widget elementor-widget-text-editor\" data-id=\"a53800b\" data-element_type=\"widget\" data-widget_type=\"text-editor.default\">\n\t\t\t\t<div class=\"elementor-widget-container\">\n\t\t\t\t\t\t\t\t\t<p data-pm-slice=\"1 1 []\">A salva\u00e7\u00e3o \u00e9 a quest\u00e3o mais importante que algu\u00e9m pode enfrentar. A B\u00edblia ensina que todos os seres humanos s\u00e3o pecadores e est\u00e3o separados de Deus pelo seu pecado. No entanto, Deus, na Sua grande miseric\u00f3rdia, providenciou um caminho para nos reconciliarmos com Ele atrav\u00e9s de Jesus Cristo. A boa not\u00edcia do Evangelho \u00e9 que Jesus salva os pecadores. Mas como \u00e9 que esta salva\u00e7\u00e3o funciona e como \u00e9 que podes saber que est\u00e1s salvo?    <\/p>\n<h3>O fundamento da salva\u00e7\u00e3o<\/h3>\n<p>O fundamento da salva\u00e7\u00e3o \u00e9 a obra completa de Jesus Cristo na cruz. Isso inclui a Sua obedi\u00eancia ativa &#8211; o cumprimento perfeito da lei de Deus em favor do Seu povo &#8211; e a Sua obedi\u00eancia passiva &#8211; o Seu sofrimento e morte para suportar o castigo pelo pecado. Na cruz, Jesus suportou o castigo que n\u00f3s merec\u00edamos pelos nossos pecados. Em termos teol\u00f3gicos, a nossa culpa foi-Lhe imputada &#8211; foi colocada sobre Ele como se fosse Sua. Em troca, a Sua perfeita justi\u00e7a \u00e9-nos imputada, de modo que quando Deus olha para um crente, v\u00ea a justi\u00e7a de Cristo.    <\/p>\n<p>Esta \u00e9 a grande troca do Evangelho: Jesus recebe o nosso castigo, e n\u00f3s recebemos a Sua recompensa &#8211; a vida eterna com Ele e com todos os santos na nova cria\u00e7\u00e3o. Esta reden\u00e7\u00e3o \u00e9-nos aplicada pelo instrumento da f\u00e9, um dom da gra\u00e7a de Deus. <\/p>\n<h3>F\u00e9 salvadora e arrependimento<\/h3>\n<p>\u00c9 fundamental compreender que a f\u00e9 salvadora \u00e9 mais do que apenas conhecer factos sobre Jesus ou concordar que esses factos s\u00e3o verdadeiros. Como o ap\u00f3stolo Tiago escreveu: &#8220;At\u00e9 os dem\u00f3nios cr\u00eaem e estremecem&#8221; (Tiago 2:19). A verdadeira f\u00e9 salvadora n\u00e3o envolve apenas conhecimento e concord\u00e2ncia, mas tamb\u00e9m confian\u00e7a. \u00c9 uma confian\u00e7a de todo o cora\u00e7\u00e3o em Jesus Cristo para a salva\u00e7\u00e3o.   <\/p>\n<p>A f\u00e9 salvadora \u00e9 sempre acompanhada de arrependimento. Arrependimento significa afastares-te do pecado e voltares-te para Deus. \u00c9 uma mudan\u00e7a de cora\u00e7\u00e3o e de mente que resulta numa mudan\u00e7a de comportamento. Um sinal de que o Esp\u00edrito Santo nos regenerou verdadeiramente \u00e9 que come\u00e7amos a ver o nosso pecado pelo que ele \u00e9 &#8211; uma ofensa contra um Deus santo &#8211; e abominamo-lo. O arrependimento n\u00e3o significa que nos tornamos perfeitos nesta vida, mas significa que j\u00e1 n\u00e3o fazemos as pazes com o nosso pecado. Em vez disso, esfor\u00e7amo-nos por nos afastarmos dele e seguirmos Cristo como Senhor.     <\/p>\n<h3>Encorajamento para quem procura<\/h3>\n<p>Se ainda n\u00e3o tens a certeza se acreditas que Jesus \u00e9 Deus ou se est\u00e1s pronto para O reconhecer como teu Senhor, encorajamos-te a dar passos em dire\u00e7\u00e3o a Ele. Vem adorar connosco, l\u00ea a B\u00edblia e reza a Deus &#8211; mesmo que te sintas inseguro. Deus promete que aqueles que O procuram O encontrar\u00e3o (Jeremias 29:13). N\u00e3o precisas de ter tudo planeado antes de come\u00e7ares. Tamb\u00e9m podes falar connosco ou fazer qualquer pergunta que tenhas sobre a f\u00e9. Estamos aqui para te ajudar a descobrir quem \u00e9 Jesus e o que significa segui-lo.     <\/p>\n<h3>Aceitar Jesus como Senhor<\/h3>\n<p>Confiar em Jesus para a salva\u00e7\u00e3o \u00e9 tamb\u00e9m aceit\u00e1-l&#8217;O como Senhor. Isto significa reconhecer a Sua autoridade em todas as \u00e1reas da tua vida. Jesus n\u00e3o \u00e9 apenas um Salvador que nos salva do inferno; Ele \u00e9 o Rei ressuscitado que nos chama a segui-Lo em obedi\u00eancia. Uma f\u00e9 que diz &#8220;Jesus \u00e9 o meu Salvador&#8221; mas se recusa a dizer &#8220;Jesus \u00e9 o meu Senhor&#8221; n\u00e3o \u00e9 de todo uma f\u00e9 salvadora.   <\/p>\n<h3>A Ordo Salutis (Ordem de Salva\u00e7\u00e3o)<\/h3>\n<p>A B\u00edblia ensina que a salva\u00e7\u00e3o \u00e9 inteiramente obra de Deus. As Escrituras mostram que Deus planeou a nossa salva\u00e7\u00e3o antes da funda\u00e7\u00e3o do mundo (Ef\u00e9sios 1:4-5). Com o tempo, o Esp\u00edrito Santo aplica essa salva\u00e7\u00e3o aos indiv\u00edduos atrav\u00e9s de uma s\u00e9rie de passos, muitas vezes referidos como o <em>Ordo Salutis<\/em>, ou ordem de salva\u00e7\u00e3o:  <\/p>\n<ol start=\"1\" data-spread=\"false\">\n<li>\n<p><strong>Elei\u00e7\u00e3o<\/strong>: Antes da cria\u00e7\u00e3o, Deus escolheu aqueles que seriam salvos, n\u00e3o com base em qualquer coisa que fizessem, mas de acordo com a Sua gra\u00e7a soberana.<\/p>\n<\/li>\n<li>\n<p><strong>Chamada<\/strong>: Deus chama o Seu povo escolhido atrav\u00e9s da prega\u00e7\u00e3o do evangelho, atraindo-o para Si.<\/p>\n<\/li>\n<li>\n<p><strong>Regenera\u00e7\u00e3o<\/strong>: O Esp\u00edrito Santo d\u00e1 nova vida a pecadores espiritualmente mortos, permitindo-lhes responder com f\u00e9 e arrependimento.<\/p>\n<\/li>\n<li>\n<p><strong>Justifica\u00e7\u00e3o<\/strong>: Atrav\u00e9s da f\u00e9 em Cristo, Deus declara o pecador justo, imputando-lhe a justi\u00e7a de Cristo.<\/p>\n<\/li>\n<li>\n<p><strong>Ado\u00e7\u00e3o<\/strong>: Deus faz de n\u00f3s Seus filhos, dando-nos os direitos e privil\u00e9gios de filhos e filhas.<\/p>\n<\/li>\n<li>\n<p><strong>Santifica\u00e7\u00e3o<\/strong>: O processo pelo qual Deus nos torna mais santos, conformando-nos \u00e0 imagem de Cristo.<\/p>\n<\/li>\n<li>\n<p><strong>Glorifica\u00e7\u00e3o<\/strong>: No futuro, Deus completar\u00e1 a nossa salva\u00e7\u00e3o, dando-nos corpos ressuscitados e vida eterna na Sua presen\u00e7a.<\/p>\n<\/li>\n<\/ol>\n<h3>Responde ao Evangelho<\/h3>\n<p>A salva\u00e7\u00e3o \u00e9 uma d\u00e1diva, mas tem de ser recebida. Se ainda n\u00e3o confiaste em Jesus Cristo como teu Salvador e Senhor, a B\u00edblia chama-te a faz\u00ea-lo hoje. Confessa os teus pecados a Deus, afasta-te deles e deposita a tua confian\u00e7a em Jesus. Reza a Ele, reconhecendo a tua necessidade do Seu perd\u00e3o e da Sua gra\u00e7a. Entrega a tua vida a Ele, comprometendo-te a segui-Lo como teu Senhor.    <\/p>\n<p>Jesus promete: &#8220;Vinde a mim, todos os que estais cansados e oprimidos, e eu vos aliviarei&#8221; (Mateus 11:28). Se vieres a Ele com f\u00e9, Ele n\u00e3o te rejeitar\u00e1. Confia n&#8217;Ele hoje e experimenta a alegria da salva\u00e7\u00e3o e a esperan\u00e7a da vida eterna.  <\/p>\n<p>Se quiseres saber mais sobre a salva\u00e7\u00e3o ou falar com algu\u00e9m sobre a tua f\u00e9, convidamos-te a contactar-nos atrav\u00e9s do endere\u00e7o Igreja Internacional do Peregrino. Estamos aqui para te acompanhar na tua jornada de f\u00e9. <\/p>\n\t\t\t\t\t\t\t\t<\/div>\n\t\t\t\t<\/div>\n\t\t\t\t\t<\/div>\n\t\t\t\t<\/div>\n\t\t<div class=\"elementor-element elementor-element-b517a2d e-flex e-con-boxed cmsmasters-block-default e-con e-parent\" data-id=\"b517a2d\" data-element_type=\"container\">\n\t\t\t\t\t<div class=\"e-con-inner\">\n\t\t\t\t<div class=\"elementor-element elementor-element-f9128cb elementor-cta--skin-cover elementor-animated-content elementor-bg-transform elementor-bg-transform-zoom-in cmsmasters-block-default cmsmasters-sticky-default elementor-widget elementor-widget-call-to-action\" data-id=\"f9128cb\" data-element_type=\"widget\" data-widget_type=\"call-to-action.default\">\n\t\t\t\t<div class=\"elementor-widget-container\">\n\t\t\t\t\t\t\t<div class=\"elementor-cta\">\n\t\t\t\t\t<div class=\"elementor-cta__bg-wrapper\">\n\t\t\t\t<div class=\"elementor-cta__bg elementor-bg\" style=\"background-image: url(https:\/\/www.pilgrim.pt\/wp-content\/uploads\/2024\/12\/neslihan-gunaydin-BduDcrySLKM-unsplash-Medium.webp);\" role=\"img\" aria-label=\"neslihan-gunaydin-BduDcrySLKM-unsplash Medium\"><\/div>\n\t\t\t\t<div class=\"elementor-cta__bg-overlay\"><\/div>\n\t\t\t<\/div>\n\t\t\t\t\t\t\t<div class=\"elementor-cta__content\">\n\t\t\t\t\n\t\t\t\t\t\t\t\t\t<h2 class=\"elementor-cta__title elementor-cta__content-item elementor-content-item elementor-animated-item--grow\">\n\t\t\t\t\t\tTens a certeza de que compreendes o que \u00e9 o cristianismo?\t\t\t\t\t<\/h2>\n\t\t\t\t\n\t\t\t\t\n\t\t\t\t\t\t\t\t\t<div class=\"elementor-cta__button-wrapper elementor-cta__content-item elementor-content-item elementor-animated-item--grow\">\n\t\t\t\t\t<a class=\"elementor-cta__button elementor-button elementor-size-\" href=\"https:\/\/www.pilgrim.pt\/pt-pt\/o-evangelho\/\">\n\t\t\t\t\t\tAqui tens o evangelho\t\t\t\t\t<\/a>\n\t\t\t\t\t<\/div>\n\t\t\t\t\t\t\t<\/div>\n\t\t\t\t\t\t<\/div>\n\t\t\t\t\t\t<\/div>\n\t\t\t\t<\/div>\n\t\t\t\t\t<\/div>\n\t\t\t\t<\/div>\n\t\t\t\t<\/div>\n\t\t","protected":false},"excerpt":{"rendered":"<p>Como ser salvo A salva\u00e7\u00e3o \u00e9 a quest\u00e3o mais importante que algu\u00e9m pode enfrentar. A B\u00edblia ensina que todos os seres humanos s\u00e3o pecadores e est\u00e3o separados de Deus pelo&#8230;<\/p>\n","protected":false},"author":1,"featured_media":42150,"parent":0,"menu_order":0,"comment_status":"closed","ping_status":"closed","template":"elementor_header_footer","meta":{"_acf_changed":false,"footnotes":""},"categories":[90],"tags":[86],"class_list":["post-42156","page","type-page","status-publish","has-post-thumbnail","hentry","category-artigo","tag-primeira-pagina"],"acf":[],"_links":{"self":[{"href":"https:\/\/www.pilgrim.pt\/pt-pt\/wp-json\/wp\/v2\/pages\/42156","targetHints":{"allow":["GET"]}}],"collection":[{"href":"https:\/\/www.pilgrim.pt\/pt-pt\/wp-json\/wp\/v2\/pages"}],"about":[{"href":"https:\/\/www.pilgrim.pt\/pt-pt\/wp-json\/wp\/v2\/types\/page"}],"author":[{"embeddable":true,"href":"https:\/\/www.pilgrim.pt\/pt-pt\/wp-json\/wp\/v2\/users\/1"}],"replies":[{"embeddable":true,"href":"https:\/\/www.pilgrim.pt\/pt-pt\/wp-json\/wp\/v2\/comments?post=42156"}],"version-history":[{"count":5,"href":"https:\/\/www.pilgrim.pt\/pt-pt\/wp-json\/wp\/v2\/pages\/42156\/revisions"}],"predecessor-version":[{"id":42167,"href":"https:\/\/www.pilgrim.pt\/pt-pt\/wp-json\/wp\/v2\/pages\/42156\/revisions\/42167"}],"wp:featuredmedia":[{"embeddable":true,"href":"https:\/\/www.pilgrim.pt\/pt-pt\/wp-json\/wp\/v2\/media\/42150"}],"wp:attachment":[{"href":"https:\/\/www.pilgrim.pt\/pt-pt\/wp-json\/wp\/v2\/media?parent=42156"}],"wp:term":[{"taxonomy":"category","embeddable":true,"href":"https:\/\/www.pilgrim.pt\/pt-pt\/wp-json\/wp\/v2\/categories?post=42156"},{"taxonomy":"post_tag","embeddable":true,"href":"https:\/\/www.pilgrim.pt\/pt-pt\/wp-json\/wp\/v2\/tags?post=42156"}],"curies":[{"name":"wp","href":"https:\/\/api.w.org\/{rel}","templated":true}]}}