{"id":42045,"date":"2023-12-05T14:48:45","date_gmt":"2023-12-05T14:48:45","guid":{"rendered":"https:\/\/www.pilgrim.pt\/participa\/"},"modified":"2025-02-24T10:10:28","modified_gmt":"2025-02-24T10:10:28","slug":"participa","status":"publish","type":"page","link":"https:\/\/www.pilgrim.pt\/pt-pt\/participa\/","title":{"rendered":"Participa"},"content":{"rendered":"\t\t<div data-elementor-type=\"wp-page\" data-elementor-id=\"42045\" class=\"elementor elementor-42045 elementor-36753\" data-elementor-post-type=\"page\">\n\t\t\t\t<div class=\"elementor-element elementor-element-6ca72331 e-flex e-con-boxed cmsmasters-bg-hide-none cmsmasters-bg-hide-none cmsmasters-block-default e-con e-parent\" data-id=\"6ca72331\" data-element_type=\"container\" data-settings=\"{&quot;background_background&quot;:&quot;classic&quot;}\">\n\t\t\t\t\t<div class=\"e-con-inner\">\n\t\t\t\t<div class=\"elementor-element elementor-element-75532712 cmsmasters-block-default cmsmasters-sticky-default elementor-widget elementor-widget-heading\" data-id=\"75532712\" data-element_type=\"widget\" data-widget_type=\"heading.default\">\n\t\t\t\t<div class=\"elementor-widget-container\">\n\t\t\t\t\t<h1 class=\"elementor-heading-title elementor-size-default\">Participa<\/h1>\t\t\t\t<\/div>\n\t\t\t\t<\/div>\n\t\t\t\t\t<\/div>\n\t\t\t\t<\/div>\n\t\t<div class=\"elementor-element elementor-element-c64941a e-flex e-con-boxed cmsmasters-block-default e-con e-parent\" data-id=\"c64941a\" data-element_type=\"container\" data-settings=\"{&quot;background_background&quot;:&quot;classic&quot;}\">\n\t\t\t\t\t<div class=\"e-con-inner\">\n\t\t<div class=\"elementor-element elementor-element-9c5c9ec e-con-full e-flex cmsmasters-block-default e-con e-child\" data-id=\"9c5c9ec\" data-element_type=\"container\">\n\t\t\t\t<div class=\"elementor-element elementor-element-091a08a elementor-widget__width-initial cmsmasters-block-default cmsmasters-sticky-default elementor-widget elementor-widget-heading\" data-id=\"091a08a\" data-element_type=\"widget\" data-widget_type=\"heading.default\">\n\t\t\t\t<div class=\"elementor-widget-container\">\n\t\t\t\t\t<h2 class=\"elementor-heading-title elementor-size-default\">Informa\u00e7\u00f5es de contacto<\/h2>\t\t\t\t<\/div>\n\t\t\t\t<\/div>\n\t\t\t\t<div class=\"elementor-element elementor-element-0ddd5f3 cmsmasters-block-default cmsmasters-sticky-default elementor-widget elementor-widget-text-editor\" data-id=\"0ddd5f3\" data-element_type=\"widget\" data-widget_type=\"text-editor.default\">\n\t\t\t\t<div class=\"elementor-widget-container\">\n\t\t\t\t\t\t\t\t\t<p>Se tiveres alguma d\u00favida, precisares de informa\u00e7\u00f5es ou quiseres encontrar-te connosco, entra em contacto connosco.<\/p>\n\t\t\t\t\t\t\t\t<\/div>\n\t\t\t\t<\/div>\n\t\t<div class=\"elementor-element elementor-element-ddd8c38 e-con-full e-flex cmsmasters-block-default e-con e-child\" data-id=\"ddd8c38\" data-element_type=\"container\">\n\t\t<div class=\"elementor-element elementor-element-0a4d4c6 e-con-full e-flex cmsmasters-block-default e-con e-child\" data-id=\"0a4d4c6\" data-element_type=\"container\">\n\t\t\t\t<div class=\"elementor-element elementor-element-e4b5a06 cmsmasters-block-default cmsmasters-sticky-default elementor-widget elementor-widget-heading\" data-id=\"e4b5a06\" data-element_type=\"widget\" data-widget_type=\"heading.default\">\n\t\t\t\t<div class=\"elementor-widget-container\">\n\t\t\t\t\t<div class=\"elementor-heading-title elementor-size-default\">Endere\u00e7o:<\/div>\t\t\t\t<\/div>\n\t\t\t\t<\/div>\n\t\t\t\t<div class=\"elementor-element elementor-element-e0c23e1 cmsmasters-block-default cmsmasters-sticky-default elementor-widget elementor-widget-text-editor\" data-id=\"e0c23e1\" data-element_type=\"widget\" data-widget_type=\"text-editor.default\">\n\t\t\t\t<div class=\"elementor-widget-container\">\n\t\t\t\t\t\t\t\t\t<p style=\"font-weight: 400;\">Praceta do Vilar<br \/>Bloco A2 Loja n\u00b0 6<br \/>4710-453 Braga<\/p>\t\t\t\t\t\t\t\t<\/div>\n\t\t\t\t<\/div>\n\t\t\t\t<\/div>\n\t\t<div class=\"elementor-element elementor-element-6aee64d e-con-full e-flex cmsmasters-block-default e-con e-child\" data-id=\"6aee64d\" data-element_type=\"container\">\n\t\t\t\t<div class=\"elementor-element elementor-element-61313dd cmsmasters-block-default cmsmasters-sticky-default elementor-widget elementor-widget-heading\" data-id=\"61313dd\" data-element_type=\"widget\" data-widget_type=\"heading.default\">\n\t\t\t\t<div class=\"elementor-widget-container\">\n\t\t\t\t\t<div class=\"elementor-heading-title elementor-size-default\">Hor\u00e1rio do culto:<\/div>\t\t\t\t<\/div>\n\t\t\t\t<\/div>\n\t\t\t\t<div class=\"elementor-element elementor-element-6a219ec cmsmasters-block-default cmsmasters-sticky-default elementor-widget elementor-widget-text-editor\" data-id=\"6a219ec\" data-element_type=\"widget\" data-widget_type=\"text-editor.default\">\n\t\t\t\t<div class=\"elementor-widget-container\">\n\t\t\t\t\t\t\t\t\t<p>Domingos \u00e0s 10h30, a partir de 16 de mar\u00e7o de 2025<\/p>\t\t\t\t\t\t\t\t<\/div>\n\t\t\t\t<\/div>\n\t\t\t\t<\/div>\n\t\t<div class=\"elementor-element elementor-element-182d659 e-con-full e-flex cmsmasters-block-default e-con e-child\" data-id=\"182d659\" data-element_type=\"container\">\n\t\t\t\t<div class=\"elementor-element elementor-element-2b3f316 elementor-shape-rounded elementor-grid-0 e-grid-align-center cmsmasters-block-default cmsmasters-sticky-default elementor-widget elementor-widget-social-icons\" data-id=\"2b3f316\" data-element_type=\"widget\" data-widget_type=\"social-icons.default\">\n\t\t\t\t<div class=\"elementor-widget-container\">\n\t\t\t\t\t\t\t<div class=\"elementor-social-icons-wrapper elementor-grid\">\n\t\t\t\t\t\t\t<span class=\"elementor-grid-item\">\n\t\t\t\t\t<a class=\"elementor-icon elementor-social-icon elementor-social-icon-whatsapp elementor-repeater-item-d68dcd1\" href=\"https:\/\/wa.link\/6l82s0\" target=\"_blank\">\n\t\t\t\t\t\t<span class=\"elementor-screen-only\">Whatsapp<\/span>\n\t\t\t\t\t\t<svg class=\"e-font-icon-svg e-fab-whatsapp\" viewBox=\"0 0 448 512\" xmlns=\"http:\/\/www.w3.org\/2000\/svg\"><path d=\"M380.9 97.1C339 55.1 283.2 32 223.9 32c-122.4 0-222 99.6-222 222 0 39.1 10.2 77.3 29.6 111L0 480l117.7-30.9c32.4 17.7 68.9 27 106.1 27h.1c122.3 0 224.1-99.6 224.1-222 0-59.3-25.2-115-67.1-157zm-157 341.6c-33.2 0-65.7-8.9-94-25.7l-6.7-4-69.8 18.3L72 359.2l-4.4-7c-18.5-29.4-28.2-63.3-28.2-98.2 0-101.7 82.8-184.5 184.6-184.5 49.3 0 95.6 19.2 130.4 54.1 34.8 34.9 56.2 81.2 56.1 130.5 0 101.8-84.9 184.6-186.6 184.6zm101.2-138.2c-5.5-2.8-32.8-16.2-37.9-18-5.1-1.9-8.8-2.8-12.5 2.8-3.7 5.6-14.3 18-17.6 21.8-3.2 3.7-6.5 4.2-12 1.4-32.6-16.3-54-29.1-75.5-66-5.7-9.8 5.7-9.1 16.3-30.3 1.8-3.7.9-6.9-.5-9.7-1.4-2.8-12.5-30.1-17.1-41.2-4.5-10.8-9.1-9.3-12.5-9.5-3.2-.2-6.9-.2-10.6-.2-3.7 0-9.7 1.4-14.8 6.9-5.1 5.6-19.4 19-19.4 46.3 0 27.3 19.9 53.7 22.6 57.4 2.8 3.7 39.1 59.7 94.8 83.8 35.2 15.2 49 16.5 66.6 13.9 10.7-1.6 32.8-13.4 37.4-26.4 4.6-13 4.6-24.1 3.2-26.4-1.3-2.5-5-3.9-10.5-6.6z\"><\/path><\/svg>\t\t\t\t\t<\/a>\n\t\t\t\t<\/span>\n\t\t\t\t\t\t\t<span class=\"elementor-grid-item\">\n\t\t\t\t\t<a class=\"elementor-icon elementor-social-icon elementor-social-icon-youtube elementor-repeater-item-87ebf93\" href=\"https:\/\/www.youtube.com\/@pilgrimbraga\" target=\"_blank\">\n\t\t\t\t\t\t<span class=\"elementor-screen-only\">Youtube<\/span>\n\t\t\t\t\t\t<svg class=\"e-font-icon-svg e-fab-youtube\" viewBox=\"0 0 576 512\" xmlns=\"http:\/\/www.w3.org\/2000\/svg\"><path d=\"M549.655 124.083c-6.281-23.65-24.787-42.276-48.284-48.597C458.781 64 288 64 288 64S117.22 64 74.629 75.486c-23.497 6.322-42.003 24.947-48.284 48.597-11.412 42.867-11.412 132.305-11.412 132.305s0 89.438 11.412 132.305c6.281 23.65 24.787 41.5 48.284 47.821C117.22 448 288 448 288 448s170.78 0 213.371-11.486c23.497-6.321 42.003-24.171 48.284-47.821 11.412-42.867 11.412-132.305 11.412-132.305s0-89.438-11.412-132.305zm-317.51 213.508V175.185l142.739 81.205-142.739 81.201z\"><\/path><\/svg>\t\t\t\t\t<\/a>\n\t\t\t\t<\/span>\n\t\t\t\t\t\t\t<span class=\"elementor-grid-item\">\n\t\t\t\t\t<a class=\"elementor-icon elementor-social-icon elementor-social-icon-envelope elementor-repeater-item-b8a8fd0\" href=\"mailto:phillip@pilgrim.pt?subject=Inquiry%20About%20Pilgrim%20International%20Church\" target=\"_blank\">\n\t\t\t\t\t\t<span class=\"elementor-screen-only\">Envelope<\/span>\n\t\t\t\t\t\t<svg class=\"e-font-icon-svg e-fas-envelope\" viewBox=\"0 0 512 512\" xmlns=\"http:\/\/www.w3.org\/2000\/svg\"><path d=\"M502.3 190.8c3.9-3.1 9.7-.2 9.7 4.7V400c0 26.5-21.5 48-48 48H48c-26.5 0-48-21.5-48-48V195.6c0-5 5.7-7.8 9.7-4.7 22.4 17.4 52.1 39.5 154.1 113.6 21.1 15.4 56.7 47.8 92.2 47.6 35.7.3 72-32.8 92.3-47.6 102-74.1 131.6-96.3 154-113.7zM256 320c23.2.4 56.6-29.2 73.4-41.4 132.7-96.3 142.8-104.7 173.4-128.7 5.8-4.5 9.2-11.5 9.2-18.9v-19c0-26.5-21.5-48-48-48H48C21.5 64 0 85.5 0 112v19c0 7.4 3.4 14.3 9.2 18.9 30.6 23.9 40.7 32.4 173.4 128.7 16.8 12.2 50.2 41.8 73.4 41.4z\"><\/path><\/svg>\t\t\t\t\t<\/a>\n\t\t\t\t<\/span>\n\t\t\t\t\t<\/div>\n\t\t\t\t\t\t<\/div>\n\t\t\t\t<\/div>\n\t\t\t\t<\/div>\n\t\t\t\t<\/div>\n\t\t\t\t<\/div>\n\t\t<div class=\"elementor-element elementor-element-08eb5da e-con-full e-flex cmsmasters-block-default e-con e-child\" data-id=\"08eb5da\" data-element_type=\"container\">\n\t\t\t\t<div class=\"elementor-element elementor-element-325795d cmsmasters-block-default cmsmasters-sticky-default elementor-widget elementor-widget-cmsmasters-google-maps\" data-id=\"325795d\" data-element_type=\"widget\" data-settings=\"{&quot;coordinates_lat_global&quot;:&quot;41.558954&quot;,&quot;coordinates_lng_global&quot;:&quot;-8.398625&quot;,&quot;markers&quot;:[{&quot;_id&quot;:&quot;182b871&quot;,&quot;address_type&quot;:&quot;coordinates&quot;,&quot;address_mark&quot;:null,&quot;coordinates_mark_lat&quot;:&quot;41.558954&quot;,&quot;coordinates_mark_lng&quot;:&quot;-8.398625&quot;,&quot;animation_marker&quot;:&quot;bounce&quot;,&quot;mark_icon&quot;:{&quot;url&quot;:&quot;https:\\\/\\\/www.pilgrim.pt\\\/wp-content\\\/uploads\\\/2025\\\/01\\\/PILGRIM-noText-square-copy.png&quot;,&quot;id&quot;:42935,&quot;size&quot;:&quot;&quot;,&quot;alt&quot;:&quot;&quot;,&quot;source&quot;:&quot;library&quot;},&quot;mark_desc&quot;:&quot;&lt;p&gt;Igreja Internacional do Peregrino&lt;\\\/p&gt;&quot;,&quot;desc_show&quot;:&quot;no&quot;,&quot;mark_title&quot;:&quot;&quot;}],&quot;address_type_global&quot;:&quot;coordinates-g&quot;,&quot;map_type_control&quot;:&quot;yes&quot;,&quot;street_view_control&quot;:&quot;yes&quot;,&quot;fullscreen_control&quot;:&quot;yes&quot;,&quot;map_type&quot;:&quot;roadmap&quot;,&quot;zoom&quot;:{&quot;unit&quot;:&quot;px&quot;,&quot;size&quot;:15,&quot;sizes&quot;:[]},&quot;zoom_control&quot;:&quot;yes&quot;,&quot;gesture_handling&quot;:&quot;yes&quot;}\" data-widget_type=\"cmsmasters-google-maps.default\">\n\t\t\t\t<div class=\"elementor-widget-container\">\n\t\t\t\t\t<div class=\"elementor-widget-cmsmasters-google-maps__wrapper\"><\/div>\t\t\t\t<\/div>\n\t\t\t\t<\/div>\n\t\t\t\t<\/div>\n\t\t\t\t\t<\/div>\n\t\t\t\t<\/div>\n\t\t<div class=\"elementor-element elementor-element-e9fa6de e-flex e-con-boxed cmsmasters-block-default e-con e-parent\" data-id=\"e9fa6de\" data-element_type=\"container\">\n\t\t\t\t\t<div class=\"e-con-inner\">\n\t\t\t\t<div class=\"elementor-element elementor-element-8d6bc79 cmsmasters-block-default cmsmasters-sticky-default elementor-widget elementor-widget-text-editor\" data-id=\"8d6bc79\" data-element_type=\"widget\" data-widget_type=\"text-editor.default\">\n\t\t\t\t<div class=\"elementor-widget-container\">\n\t\t\t\t\t\t\t\t\t<p>Bem-vindo \u00e0 Igreja Internacional do Peregrino! Estamos muito contentes por estares interessado em fazer parte da fam\u00edlia da nossa igreja. Quer sejas novo em Braga ou vivas aqui h\u00e1 anos, estamos aqui para te receber de bra\u00e7os abertos. Envolveres-te na igreja \u00e9 uma jornada de liga\u00e7\u00e3o, crescimento e servi\u00e7o &#8211; e tudo come\u00e7a com um simples passo.   <\/p>\n<h3>Come\u00e7a com o culto do domingo<\/h3>\n<p>A melhor maneira de come\u00e7ar \u00e9 juntares-te a n\u00f3s para o culto de domingo de manh\u00e3. Reunimo-nos todas as semanas para ouvir a Palavra de Deus, cantar louvores, rezar em conjunto e participar nos sacramentos. O nosso culto \u00e9 simples mas profundo, enraizado nos meios comuns de gra\u00e7a que Deus deu ao Seu povo. Mal podemos esperar para te conhecer e adorar juntos como uma comunidade.   <\/p>\n<p>Se quiseres falar com ele antes de domingo, n\u00e3o hesites em contactar o Pastor Phillip. Podes contact\u00e1-lo diretamente por telefone, e-mail ou WhatsApp. Ele gostaria muito de responder \u00e0s tuas perguntas, orar contigo ou simplesmente dizer ol\u00e1.  <\/p>\n\t\t\t\t\t\t\t\t<\/div>\n\t\t\t\t<\/div>\n\t\t\t\t\t<\/div>\n\t\t\t\t<\/div>\n\t\t<div class=\"elementor-element elementor-element-2cc454f e-flex e-con-boxed cmsmasters-block-default e-con e-parent\" data-id=\"2cc454f\" data-element_type=\"container\">\n\t\t\t\t\t<div class=\"e-con-inner\">\n\t\t\t\t<div class=\"elementor-element elementor-element-7a1528f cmsmasters-block-default cmsmasters-sticky-default elementor-widget elementor-widget-text-editor\" data-id=\"7a1528f\" data-element_type=\"widget\" data-widget_type=\"text-editor.default\">\n\t\t\t\t<div class=\"elementor-widget-container\">\n\t\t\t\t\t\t\t\t\t<h3><span style=\"color: var(--cmsmasters-colors-heading); font-family: var(--cmsmasters-h3-font-family); font-size: var(--cmsmasters-h3-font-size); font-style: var(--cmsmasters-h3-font-style); font-weight: var(--cmsmasters-h3-font-weight); letter-spacing: var(--cmsmasters-h3-letter-spacing); text-transform: var(--cmsmasters-h3-text-transform); word-spacing: var(--cmsmasters-h3-word-spacing); text-align: var(--text-align); background-color: var(--cmsmasters-main-container-bg-color);\">Conhe\u00e7a-nos<\/span><\/h3>\n<p>Tornar-se parte da Igreja Internacional do Peregrino \u00e9 mais do que assistir a um culto; trata-se de construir relacionamentos. Depois do culto, fica para a comunh\u00e3o e apresenta-te. Depois volta! \u00c0 medida que passas mais tempo connosco, vais conhecendo a nossa comunidade e experimentando o amor de Cristo atrav\u00e9s do Seu povo.   <\/p>\n<h3>Junta-te a um pequeno grupo ou a uma reuni\u00e3o de ora\u00e7\u00e3o<\/h3>\n<p>Durante a semana, reunimo-nos em grupos mais pequenos para estudo da B\u00edblia, ora\u00e7\u00e3o e comunh\u00e3o. Estas reuni\u00f5es s\u00e3o uma excelente forma de aprofundar a tua f\u00e9 e desenvolver amizades significativas. Os nossos pequenos grupos re\u00fanem-se em casas ou noutros locais confort\u00e1veis, e as nossas reuni\u00f5es de ora\u00e7\u00e3o proporcionam um tempo focado para procurar a orienta\u00e7\u00e3o e a b\u00ean\u00e7\u00e3o de Deus para a nossa igreja e para a cidade de Braga.  <\/p>\n<h3>Participa em projectos de divulga\u00e7\u00e3o e de servi\u00e7o<\/h3>\n<p>Na Igreja Internacional do Peregrino, estamos empenhados em partilhar o amor de Deus com Braga e n\u00e3o s\u00f3. Organizamos eventos de divulga\u00e7\u00e3o e projectos de servi\u00e7o para aben\u00e7oar a nossa comunidade, e gostar\u00edamos que te juntasses a n\u00f3s. Quer se trate de voluntariado numa institui\u00e7\u00e3o de caridade local, de organizar um evento ou de apoiar os necessitados, h\u00e1 muitas formas de causar impacto.  <\/p>\n<p>Tens uma ideia para um projeto de divulga\u00e7\u00e3o ou de servi\u00e7o? Queremos ouvir-te! Deus trabalha muitas vezes atrav\u00e9s das paix\u00f5es e da criatividade do Seu povo, e estamos entusiasmados por fazer parceria contigo no servi\u00e7o aos outros.  <\/p>\n<h3>Descobre e usa os teus dons espirituais<\/h3>\n<p>A cada crente foram dados dons espirituais por Deus para a edifica\u00e7\u00e3o da igreja. Como escreve o ap\u00f3stolo Paulo, &#8220;a cada um \u00e9 dada a manifesta\u00e7\u00e3o do Esp\u00edrito para o bem comum&#8221; (1 Cor\u00edntios 12:7). Estes dons s\u00e3o diversos, desde o ensino e a lideran\u00e7a at\u00e9 \u00e0 miseric\u00f3rdia, \u00e0 hospitalidade e muito mais.  <\/p>\n<p>Encorajamos-te a descobrir, em esp\u00edrito de ora\u00e7\u00e3o, os teus dons e a utiliz\u00e1-los para a gl\u00f3ria de Deus. &#8220;Como cada um recebeu um dom, usem-no para servir uns aos outros, como bons despenseiros da variada gra\u00e7a de Deus&#8221; (1 Pedro 4:10). Quando serves com os dons que Deus te deu, n\u00e3o s\u00f3 a igreja \u00e9 fortalecida, mas tamb\u00e9m cresces em alegria e prop\u00f3sito. Deixa-nos ajudar-te a identificar e desenvolver os teus dons para que juntos possamos edificar o corpo de Cristo.   <\/p>\n<h3>Cresce em responsabilidade e servi\u00e7o<\/h3>\n<p>\u00c0 medida que te ligas mais \u00e0 nossa igreja, vais descobrir oportunidades de usar os teus dons espirituais para a gl\u00f3ria de Deus e para o bem do Seu povo. Talvez queiras acolher ou liderar um pequeno grupo, ajudar na m\u00fasica ou na manuten\u00e7\u00e3o da igreja. Cada papel, grande ou pequeno, \u00e9 uma parte importante da nossa vida em conjunto.  <\/p>\n<h3>Presb\u00edteros e di\u00e1conos: chamados a servir<\/h3>\n<p>Tamb\u00e9m precisamos de homens piedosos para servirem como presb\u00edteros e di\u00e1conos. Os presb\u00edteros s\u00e3o respons\u00e1veis por pastorear a igreja, providenciando supervis\u00e3o espiritual e assegurando que o rebanho de Cristo \u00e9 cuidado e alimentado pela Palavra de Deus. Os di\u00e1conos s\u00e3o chamados a um minist\u00e9rio de miseric\u00f3rdia, atendendo \u00e0s necessidades pr\u00e1ticas dentro da igreja e estendendo a compaix\u00e3o de Cristo \u00e0 comunidade em geral. Ambas as fun\u00e7\u00f5es s\u00e3o vitais para a sa\u00fade e o crescimento da nossa igreja, e requerem um cora\u00e7\u00e3o para o servi\u00e7o, maturidade espiritual e um desejo de honrar a Deus em todas as coisas.   <\/p>\n<p>Se sentes que Deus pode estar a chamar-te para um destes cargos, diz-nos. Gostar\u00edamos muito de te ajudar a explorar esta voca\u00e7\u00e3o e a preparar-te para este importante minist\u00e9rio. <\/p>\n<h3>Uma viagem de crescimento<\/h3>\n<p>Envolver-se na Igreja Internacional do Peregrino \u00e9 mais do que preencher um papel; \u00e9 crescer na f\u00e9, construir relacionamentos e tornar-se parte de algo maior do que tu. Juntos, procuramos glorificar a Deus, edificar-nos uns aos outros e alcan\u00e7ar a nossa comunidade com o evangelho de Jesus Cristo. Esperamos que te juntes a n\u00f3s nesta viagem.  <\/p>\n<p>Est\u00e1s pronto para dar o primeiro passo? Vem ao culto deste domingo. Estamos ansiosos por te conhecer!  <\/p>\n\t\t\t\t\t\t\t\t<\/div>\n\t\t\t\t<\/div>\n\t\t\t\t\t<\/div>\n\t\t\t\t<\/div>\n\t\t<div class=\"elementor-element elementor-element-c2ab304 e-flex e-con-boxed cmsmasters-block-default e-con e-parent\" data-id=\"c2ab304\" data-element_type=\"container\">\n\t\t\t\t\t<div class=\"e-con-inner\">\n\t\t<div class=\"elementor-element elementor-element-35bc1f5 e-con-full e-flex cmsmasters-block-default e-con e-child\" data-id=\"35bc1f5\" data-element_type=\"container\">\n\t\t\t\t<div class=\"elementor-element elementor-element-4b8bbb7 cmsmasters-block-default cmsmasters-sticky-default elementor-widget elementor-widget-image\" data-id=\"4b8bbb7\" data-element_type=\"widget\" data-widget_type=\"image.default\">\n\t\t\t\t<div class=\"elementor-widget-container\">\n\t\t\t\t\t\t\t\t\t\t\t\t\t\t\t<img fetchpriority=\"high\" decoding=\"async\" width=\"427\" height=\"640\" src=\"https:\/\/www.pilgrim.pt\/wp-content\/uploads\/2024\/12\/pexels-helena-i-1489651-2867893-Medium-30x45.jpeg\" class=\"attachment-full size-full wp-image-42016 cmsmasters_img cmsmasters-lazyload lazyload\" alt=\"\" data-sizes=\"auto\" data-src=\"https:\/\/www.pilgrim.pt\/wp-content\/uploads\/2024\/12\/pexels-helena-i-1489651-2867893-Medium.webp\" srcset=\"https:\/\/www.pilgrim.pt\/wp-content\/uploads\/2024\/12\/pexels-helena-i-1489651-2867893-Medium-30x45.jpeg 30w, https:\/\/www.pilgrim.pt\/wp-content\/uploads\/2024\/12\/pexels-helena-i-1489651-2867893-Medium-200x300.jpeg 200w, https:\/\/www.pilgrim.pt\/wp-content\/uploads\/2024\/12\/pexels-helena-i-1489651-2867893-Medium-7x10.jpeg 7w, https:\/\/www.pilgrim.pt\/wp-content\/uploads\/2024\/12\/pexels-helena-i-1489651-2867893-Medium.jpeg 427w\" sizes=\"(max-width: 427px) 100vw, 427px\" \/>\t\t\t\t\t\t\t\t\t\t\t\t\t\t\t<\/div>\n\t\t\t\t<\/div>\n\t\t\t\t<\/div>\n\t\t<div class=\"elementor-element elementor-element-586a384 e-con-full e-flex cmsmasters-block-default e-con e-child\" data-id=\"586a384\" data-element_type=\"container\">\n\t\t\t\t<div class=\"elementor-element elementor-element-d33e758 cmsmasters-block-default cmsmasters-sticky-default elementor-widget elementor-widget-heading\" data-id=\"d33e758\" data-element_type=\"widget\" data-widget_type=\"heading.default\">\n\t\t\t\t<div class=\"elementor-widget-container\">\n\t\t\t\t\t<h2 class=\"elementor-heading-title elementor-size-default\">Faz uma pergunta<\/h2>\t\t\t\t<\/div>\n\t\t\t\t<\/div>\n\t\t\t\t<div class=\"elementor-element elementor-element-9e488e2 cmsmasters-block-default cmsmasters-sticky-default elementor-widget elementor-widget-text-editor\" data-id=\"9e488e2\" data-element_type=\"widget\" data-widget_type=\"text-editor.default\">\n\t\t\t\t<div class=\"elementor-widget-container\">\n\t\t\t\t\t\t\t\t\t<p>Se tiveres alguma d\u00favida, podes contactar-nos. Por favor, preenche o formul\u00e1rio abaixo. <\/p>\n\t\t\t\t\t\t\t\t<\/div>\n\t\t\t\t<\/div>\n\t\t\t\t<\/div>\n\t\t\t\t\t<\/div>\n\t\t\t\t<\/div>\n\t\t<div class=\"elementor-element elementor-element-5402261 e-flex e-con-boxed cmsmasters-block-default e-con e-parent\" data-id=\"5402261\" data-element_type=\"container\" data-settings=\"{&quot;background_background&quot;:&quot;classic&quot;}\">\n\t\t\t\t\t<div class=\"e-con-inner\">\n\t\t\t\t<div class=\"elementor-element elementor-element-05e4bed cmsmasters-block-default cmsmasters-sticky-default elementor-widget elementor-widget-heading\" data-id=\"05e4bed\" data-element_type=\"widget\" data-widget_type=\"heading.default\">\n\t\t\t\t<div class=\"elementor-widget-container\">\n\t\t\t\t\t<h2 class=\"elementor-heading-title elementor-size-default\">Subscreve a nossa newsletter<\/h2>\t\t\t\t<\/div>\n\t\t\t\t<\/div>\n\t\t\t\t<div class=\"elementor-element elementor-element-b200897 cmsmasters-block-default cmsmasters-sticky-default elementor-widget elementor-widget-html\" data-id=\"b200897\" data-element_type=\"widget\" data-widget_type=\"html.default\">\n\t\t\t\t<div class=\"elementor-widget-container\">\n\t\t\t\t\t<iframe width=\"540\" height=\"910\" src=\"https:\/\/4b3a6d0a.sibforms.com\/serve\/MUIFADVHmDrtet27A9CKuPWT_LP3T5WCbcAnvdb-Wk0e8BQGTmyDipZgwv_6Ca0jQxD5xwIOFMuQ6B7xwxbpxeZiy5okWurmD9KwvZr7TC7fBV_dlyBBms2keeTRTVFSmg5fybU3__b1p5tlGz3qgimsSFE3Jc2VQG6YGYVNa4EOJDYH317s3BlWCY5YckUdWN_9ftLJmBpEMql_\" frameborder=\"0\" scrolling=\"auto\" allowfullscreen style=\"display: block;margin-left: auto;margin-right: auto;max-width: 100%;\"><\/iframe>\t\t\t\t<\/div>\n\t\t\t\t<\/div>\n\t\t\t\t\t<\/div>\n\t\t\t\t<\/div>\n\t\t<div class=\"elementor-element elementor-element-8a0fdc2 e-flex e-con-boxed cmsmasters-block-default e-con e-parent\" data-id=\"8a0fdc2\" data-element_type=\"container\">\n\t\t\t\t\t<div class=\"e-con-inner\">\n\t\t\t\t<div class=\"elementor-element elementor-element-01f2d01 elementor-cta--skin-cover elementor-animated-content elementor-bg-transform elementor-bg-transform-zoom-in cmsmasters-block-default cmsmasters-sticky-default elementor-widget elementor-widget-call-to-action\" data-id=\"01f2d01\" data-element_type=\"widget\" data-widget_type=\"call-to-action.default\">\n\t\t\t\t<div class=\"elementor-widget-container\">\n\t\t\t\t\t\t\t<div class=\"elementor-cta\">\n\t\t\t\t\t<div class=\"elementor-cta__bg-wrapper\">\n\t\t\t\t<div class=\"elementor-cta__bg elementor-bg\" style=\"background-image: url(https:\/\/www.pilgrim.pt\/wp-content\/uploads\/2024\/12\/pexels-omar-ramadan-1739260-27271660-Medium.webp);\" role=\"img\" aria-label=\"pexels-omar-ramadan-1739260-27271660 Medium\"><\/div>\n\t\t\t\t<div class=\"elementor-cta__bg-overlay\"><\/div>\n\t\t\t<\/div>\n\t\t\t\t\t\t\t<div class=\"elementor-cta__content\">\n\t\t\t\t\n\t\t\t\t\t\t\t\t\t<h2 class=\"elementor-cta__title elementor-cta__content-item elementor-content-item elementor-animated-item--grow\">\n\t\t\t\t\t\tJ\u00e1 ouviste as boas not\u00edcias?\t\t\t\t\t<\/h2>\n\t\t\t\t\n\t\t\t\t\n\t\t\t\t\t\t\t\t\t<div class=\"elementor-cta__button-wrapper elementor-cta__content-item elementor-content-item elementor-animated-item--grow\">\n\t\t\t\t\t<a class=\"elementor-cta__button elementor-button elementor-size-\" href=\"https:\/\/www.pilgrim.pt\/pt-pt\/o-evangelho\/\">\n\t\t\t\t\t\tCompreende o evangelho crist\u00e3o\t\t\t\t\t<\/a>\n\t\t\t\t\t<\/div>\n\t\t\t\t\t\t\t<\/div>\n\t\t\t\t\t\t<\/div>\n\t\t\t\t\t\t<\/div>\n\t\t\t\t<\/div>\n\t\t\t\t\t<\/div>\n\t\t\t\t<\/div>\n\t\t\t\t<\/div>\n\t\t","protected":false},"excerpt":{"rendered":"<p>Participa Informa\u00e7\u00f5es de contacto Se tiveres alguma d\u00favida, precisares de informa\u00e7\u00f5es ou quiseres encontrar-te connosco, entra em contacto connosco. Endere\u00e7o: Praceta do VilarBloco A2 Loja n\u00b0 64710-453 Braga Hor\u00e1rio do&#8230;<\/p>\n","protected":false},"author":1,"featured_media":42009,"parent":0,"menu_order":0,"comment_status":"closed","ping_status":"closed","template":"","meta":{"_acf_changed":false,"footnotes":""},"categories":[],"tags":[],"class_list":["post-42045","page","type-page","status-publish","has-post-thumbnail","hentry"],"acf":[],"_links":{"self":[{"href":"https:\/\/www.pilgrim.pt\/pt-pt\/wp-json\/wp\/v2\/pages\/42045","targetHints":{"allow":["GET"]}}],"collection":[{"href":"https:\/\/www.pilgrim.pt\/pt-pt\/wp-json\/wp\/v2\/pages"}],"about":[{"href":"https:\/\/www.pilgrim.pt\/pt-pt\/wp-json\/wp\/v2\/types\/page"}],"author":[{"embeddable":true,"href":"https:\/\/www.pilgrim.pt\/pt-pt\/wp-json\/wp\/v2\/users\/1"}],"replies":[{"embeddable":true,"href":"https:\/\/www.pilgrim.pt\/pt-pt\/wp-json\/wp\/v2\/comments?post=42045"}],"version-history":[{"count":34,"href":"https:\/\/www.pilgrim.pt\/pt-pt\/wp-json\/wp\/v2\/pages\/42045\/revisions"}],"predecessor-version":[{"id":43045,"href":"https:\/\/www.pilgrim.pt\/pt-pt\/wp-json\/wp\/v2\/pages\/42045\/revisions\/43045"}],"wp:featuredmedia":[{"embeddable":true,"href":"https:\/\/www.pilgrim.pt\/pt-pt\/wp-json\/wp\/v2\/media\/42009"}],"wp:attachment":[{"href":"https:\/\/www.pilgrim.pt\/pt-pt\/wp-json\/wp\/v2\/media?parent=42045"}],"wp:term":[{"taxonomy":"category","embeddable":true,"href":"https:\/\/www.pilgrim.pt\/pt-pt\/wp-json\/wp\/v2\/categories?post=42045"},{"taxonomy":"post_tag","embeddable":true,"href":"https:\/\/www.pilgrim.pt\/pt-pt\/wp-json\/wp\/v2\/tags?post=42045"}],"curies":[{"name":"wp","href":"https:\/\/api.w.org\/{rel}","templated":true}]}}