{"id":42043,"date":"2023-12-05T13:32:28","date_gmt":"2023-12-05T13:32:28","guid":{"rendered":"https:\/\/www.pilgrim.pt\/sobre-nos\/"},"modified":"2024-12-13T13:38:33","modified_gmt":"2024-12-13T13:38:33","slug":"sobre-nos","status":"publish","type":"page","link":"https:\/\/www.pilgrim.pt\/pt-pt\/sobre-nos\/","title":{"rendered":"Sobre n\u00f3s"},"content":{"rendered":"\t\t<div data-elementor-type=\"wp-page\" data-elementor-id=\"42043\" class=\"elementor elementor-42043 elementor-26543\" data-elementor-post-type=\"page\">\n\t\t\t\t<div class=\"elementor-element elementor-element-bd093e1 e-flex e-con-boxed cmsmasters-bg-hide-none cmsmasters-bg-hide-none cmsmasters-block-default e-con e-parent\" data-id=\"bd093e1\" data-element_type=\"container\" data-settings=\"{&quot;background_background&quot;:&quot;classic&quot;}\">\n\t\t\t\t\t<div class=\"e-con-inner\">\n\t\t\t\t<div class=\"elementor-element elementor-element-2478010 cmsmasters-block-default cmsmasters-sticky-default elementor-widget elementor-widget-heading\" data-id=\"2478010\" data-element_type=\"widget\" data-widget_type=\"heading.default\">\n\t\t\t\t<div class=\"elementor-widget-container\">\n\t\t\t\t\t<h1 class=\"elementor-heading-title elementor-size-default\">Que tipo de igreja \u00e9 a Pilgrim?<\/h1>\t\t\t\t<\/div>\n\t\t\t\t<\/div>\n\t\t\t\t\t<\/div>\n\t\t\t\t<\/div>\n\t\t<div class=\"elementor-element elementor-element-48aa610 e-flex e-con-boxed cmsmasters-block-default e-con e-parent\" data-id=\"48aa610\" data-element_type=\"container\">\n\t\t\t\t\t<div class=\"e-con-inner\">\n\t\t\t\t<div class=\"elementor-element elementor-element-cf49fc7 elementor-widget__width-initial elementor-widget-mobile__width-inherit cmsmasters-block-default cmsmasters-sticky-default elementor-widget elementor-widget-image\" data-id=\"cf49fc7\" data-element_type=\"widget\" data-widget_type=\"image.default\">\n\t\t\t\t<div class=\"elementor-widget-container\">\n\t\t\t\t\t\t\t\t\t\t\t\t\t\t\t<img fetchpriority=\"high\" decoding=\"async\" width=\"640\" height=\"441\" src=\"https:\/\/www.pilgrim.pt\/wp-content\/uploads\/2024\/12\/International-Medium-30x21.jpeg\" class=\"attachment-full size-full wp-image-42002 cmsmasters_img cmsmasters-lazyload lazyload\" alt=\"\" data-sizes=\"auto\" data-src=\"https:\/\/www.pilgrim.pt\/wp-content\/uploads\/2024\/12\/International-Medium.webp\" srcset=\"https:\/\/www.pilgrim.pt\/wp-content\/uploads\/2024\/12\/International-Medium-30x21.jpeg 30w, https:\/\/www.pilgrim.pt\/wp-content\/uploads\/2024\/12\/International-Medium-300x207.jpeg 300w, https:\/\/www.pilgrim.pt\/wp-content\/uploads\/2024\/12\/International-Medium-435x300.jpeg 435w, https:\/\/www.pilgrim.pt\/wp-content\/uploads\/2024\/12\/International-Medium-600x413.jpeg 600w, https:\/\/www.pilgrim.pt\/wp-content\/uploads\/2024\/12\/International-Medium-15x10.jpeg 15w, https:\/\/www.pilgrim.pt\/wp-content\/uploads\/2024\/12\/International-Medium.jpeg 640w\" sizes=\"(max-width: 640px) 100vw, 640px\" \/>\t\t\t\t\t\t\t\t\t\t\t\t\t\t\t<\/div>\n\t\t\t\t<\/div>\n\t\t\t\t<div class=\"elementor-element elementor-element-2921fe1 elementor-widget-mobile__width-inherit cmsmasters-block-default cmsmasters-sticky-default elementor-widget elementor-widget-text-editor\" data-id=\"2921fe1\" data-element_type=\"widget\" data-widget_type=\"text-editor.default\">\n\t\t\t\t<div class=\"elementor-widget-container\">\n\t\t\t\t\t\t\t\t\t<h2>Uma Igreja Internacional<\/h2>\n<p>Igreja Internacional do Peregrino \u00e9 uma comunidade que acolhe pessoas de diversas origens culturais e nacionalidades. Como igreja internacional, proporcionamos um lugar onde indiv\u00edduos de todo o mundo se podem reunir para adorar, aprender e crescer na f\u00e9. Embora o ingl\u00eas seja a nossa l\u00edngua comum, a nossa vis\u00e3o \u00e9 servir e unir pessoas que partilham o desejo de conhecer e seguir Cristo, independentemente da sua primeira l\u00edngua ou origem cultural. Celebramos a riqueza que cada pessoa traz, criando um mosaico de fi\u00e9is que reflectem o alcance global do evangelho e a unidade dos crentes em Cristo. Quer estejas a visitar Braga ou a fazer dela a tua casa, \u00e9s bem-vindo aqui.    <\/p>\n\t\t\t\t\t\t\t\t<\/div>\n\t\t\t\t<\/div>\n\t\t\t\t\t<\/div>\n\t\t\t\t<\/div>\n\t\t<div class=\"elementor-element elementor-element-7798d70 e-con-full e-flex cmsmasters-block-default e-con e-parent\" data-id=\"7798d70\" data-element_type=\"container\">\n\t\t\t\t<div class=\"elementor-element elementor-element-996129b elementor-widget__width-initial elementor-widget-mobile__width-inherit cmsmasters-block-default cmsmasters-sticky-default elementor-widget elementor-widget-text-editor\" data-id=\"996129b\" data-element_type=\"widget\" data-widget_type=\"text-editor.default\">\n\t\t\t\t<div class=\"elementor-widget-container\">\n\t\t\t\t\t\t\t\t\t<h2>Uma Igreja Reformada<\/h2>\n<p>Igreja Internacional do Peregrino mant\u00e9m-se firmemente na tradi\u00e7\u00e3o reformada, defendendo as verdades hist\u00f3ricas recuperadas durante a <a href=\"https:\/\/www.pilgrim.pt\/pt-pt\/reforma\/\">Reforma Protestante<\/a>. Os nossos ensinamentos e pr\u00e1ticas est\u00e3o profundamente enraizados nas Escrituras, enfatizando a soberania de Deus, a gra\u00e7a e a autoridade da B\u00edblia. Aderimos \u00e0s confiss\u00f5es e credos hist\u00f3ricos da f\u00e9 reformada, particularmente \u00e0 <a href=\"https:\/\/westminsterstandards.org\/\">Confiss\u00e3o de F\u00e9 e Catecismos de Westminster<\/a>, que acreditamos resumir melhor o ensino da B\u00edblia. O nosso objetivo \u00e9 crescer em santidade, humildade e sabedoria \u00e0 medida que procuramos seguir Cristo em todas as coisas.   <\/p>\n\t\t\t\t\t\t\t\t<\/div>\n\t\t\t\t<\/div>\n\t\t\t\t<div class=\"elementor-element elementor-element-b13f6dc elementor-widget-mobile__width-inherit cmsmasters-block-default cmsmasters-sticky-default elementor-widget elementor-widget-image\" data-id=\"b13f6dc\" data-element_type=\"widget\" data-widget_type=\"image.default\">\n\t\t\t\t<div class=\"elementor-widget-container\">\n\t\t\t\t\t\t\t\t\t\t\t\t\t\t\t<img decoding=\"async\" width=\"640\" height=\"360\" src=\"https:\/\/www.pilgrim.pt\/wp-content\/uploads\/2024\/12\/Reformed-Medium-30x17.jpeg\" class=\"attachment-full size-full wp-image-42003 cmsmasters_img cmsmasters-lazyload lazyload\" alt=\"\" data-sizes=\"auto\" data-src=\"https:\/\/www.pilgrim.pt\/wp-content\/uploads\/2024\/12\/Reformed-Medium.webp\" srcset=\"https:\/\/www.pilgrim.pt\/wp-content\/uploads\/2024\/12\/Reformed-Medium-30x16.jpeg 30w, https:\/\/www.pilgrim.pt\/wp-content\/uploads\/2024\/12\/Reformed-Medium-300x169.jpeg 300w, https:\/\/www.pilgrim.pt\/wp-content\/uploads\/2024\/12\/Reformed-Medium-533x300.jpeg 533w, https:\/\/www.pilgrim.pt\/wp-content\/uploads\/2024\/12\/Reformed-Medium-600x338.jpeg 600w, https:\/\/www.pilgrim.pt\/wp-content\/uploads\/2024\/12\/Reformed-Medium-18x10.jpeg 18w, https:\/\/www.pilgrim.pt\/wp-content\/uploads\/2024\/12\/Reformed-Medium.jpeg 640w\" sizes=\"(max-width: 640px) 100vw, 640px\" \/>\t\t\t\t\t\t\t\t\t\t\t\t\t\t\t<\/div>\n\t\t\t\t<\/div>\n\t\t\t\t<\/div>\n\t\t<div class=\"elementor-element elementor-element-1a13be3 e-flex e-con-boxed cmsmasters-block-default e-con e-parent\" data-id=\"1a13be3\" data-element_type=\"container\">\n\t\t\t\t\t<div class=\"e-con-inner\">\n\t\t\t\t<div class=\"elementor-element elementor-element-b716e20 elementor-widget__width-initial elementor-widget-mobile__width-inherit cmsmasters-block-default cmsmasters-sticky-default elementor-widget elementor-widget-image\" data-id=\"b716e20\" data-element_type=\"widget\" data-widget_type=\"image.default\">\n\t\t\t\t<div class=\"elementor-widget-container\">\n\t\t\t\t\t\t\t\t\t\t\t\t\t\t\t<img decoding=\"async\" width=\"640\" height=\"427\" src=\"https:\/\/www.pilgrim.pt\/wp-content\/uploads\/2024\/12\/Evangelical-Medium-30x20.jpeg\" class=\"attachment-full size-full wp-image-42004 cmsmasters_img cmsmasters-lazyload lazyload\" alt=\"\" data-sizes=\"auto\" data-src=\"https:\/\/www.pilgrim.pt\/wp-content\/uploads\/2024\/12\/Evangelical-Medium.webp\" srcset=\"https:\/\/www.pilgrim.pt\/wp-content\/uploads\/2024\/12\/Evangelical-Medium-30x20.jpeg 30w, https:\/\/www.pilgrim.pt\/wp-content\/uploads\/2024\/12\/Evangelical-Medium-300x200.jpeg 300w, https:\/\/www.pilgrim.pt\/wp-content\/uploads\/2024\/12\/Evangelical-Medium-450x300.jpeg 450w, https:\/\/www.pilgrim.pt\/wp-content\/uploads\/2024\/12\/Evangelical-Medium-600x400.jpeg 600w, https:\/\/www.pilgrim.pt\/wp-content\/uploads\/2024\/12\/Evangelical-Medium-15x10.jpeg 15w, https:\/\/www.pilgrim.pt\/wp-content\/uploads\/2024\/12\/Evangelical-Medium.jpeg 640w\" sizes=\"(max-width: 640px) 100vw, 640px\" \/>\t\t\t\t\t\t\t\t\t\t\t\t\t\t\t<\/div>\n\t\t\t\t<\/div>\n\t\t\t\t<div class=\"elementor-element elementor-element-54fe4e4 elementor-widget-mobile__width-inherit cmsmasters-block-default cmsmasters-sticky-default elementor-widget elementor-widget-text-editor\" data-id=\"54fe4e4\" data-element_type=\"widget\" data-widget_type=\"text-editor.default\">\n\t\t\t\t<div class=\"elementor-widget-container\">\n\t\t\t\t\t\t\t\t\t<h2>Uma Igreja Evang\u00e9lica<\/h2>\n<p>Somos uma igreja que d\u00e1 prioridade \u00e0 proclama\u00e7\u00e3o do evangelho &#8211; as boas novas de Jesus Cristo. A nossa miss\u00e3o \u00e9 chamar as pessoas a uma f\u00e9 salvadora n&#8217;Ele, para levar a Sua mensagem de esperan\u00e7a e reconcilia\u00e7\u00e3o a Braga e n\u00e3o s\u00f3. Acreditamos no poder transformador do Evangelho, n\u00e3o apenas como uma mensagem \u00fanica, mas como o fundamento de uma caminhada com Cristo para toda a vida. Estamos empenhados em fazer disc\u00edpulos, encorajar o crescimento espiritual e cultivar uma comunidade que partilha e vive a esperan\u00e7a que temos em Jesus.   <\/p>\n\t\t\t\t\t\t\t\t<\/div>\n\t\t\t\t<\/div>\n\t\t\t\t\t<\/div>\n\t\t\t\t<\/div>\n\t\t<div class=\"elementor-element elementor-element-bc684be e-flex e-con-boxed cmsmasters-block-default e-con e-parent\" data-id=\"bc684be\" data-element_type=\"container\">\n\t\t\t\t\t<div class=\"e-con-inner\">\n\t\t\t\t<div class=\"elementor-element elementor-element-accd82e elementor-widget__width-initial elementor-widget-mobile__width-inherit cmsmasters-block-default cmsmasters-sticky-default elementor-widget elementor-widget-text-editor\" data-id=\"accd82e\" data-element_type=\"widget\" data-widget_type=\"text-editor.default\">\n\t\t\t\t<div class=\"elementor-widget-container\">\n\t\t\t\t\t\t\t\t\t<h2>Uma igreja comunit\u00e1ria<\/h2>\n<p>Na Pilgrim, procuramos viver como uma fam\u00edlia de crentes que cuidam uns dos outros e demonstram o amor de Cristo aos que nos rodeiam. O nosso desejo \u00e9 refletir o car\u00e1cter de Deus na forma como vivemos, servimos e nos relacionamos uns com os outros e com as pessoas de Braga. Pretendemos ser uma igreja que mostra o amor de Deus atrav\u00e9s de actos de bondade, miseric\u00f3rdia e servi\u00e7o, proporcionando vislumbres da comunidade renovada e redimida que Deus est\u00e1 a criar. Damos-te as boas-vindas para fazeres parte de uma fam\u00edlia que n\u00e3o s\u00f3 fala do amor de Deus, mas que o demonstra atrav\u00e9s de vidas transformadas e de um servi\u00e7o significativo aos outros.   <\/p>\n\t\t\t\t\t\t\t\t<\/div>\n\t\t\t\t<\/div>\n\t\t\t\t<div class=\"elementor-element elementor-element-0681188 elementor-widget-mobile__width-inherit cmsmasters-block-default cmsmasters-sticky-default elementor-widget elementor-widget-image\" data-id=\"0681188\" data-element_type=\"widget\" data-widget_type=\"image.default\">\n\t\t\t\t<div class=\"elementor-widget-container\">\n\t\t\t\t\t\t\t\t\t\t\t\t\t\t\t<img loading=\"lazy\" decoding=\"async\" width=\"640\" height=\"427\" src=\"https:\/\/www.pilgrim.pt\/wp-content\/uploads\/2024\/12\/Community-Medium-30x20.jpeg\" class=\"attachment-full size-full wp-image-42005 cmsmasters_img cmsmasters-lazyload lazyload\" alt=\"\" data-sizes=\"auto\" data-src=\"https:\/\/www.pilgrim.pt\/wp-content\/uploads\/2024\/12\/Community-Medium.webp\" srcset=\"https:\/\/www.pilgrim.pt\/wp-content\/uploads\/2024\/12\/Community-Medium-30x20.jpeg 30w, https:\/\/www.pilgrim.pt\/wp-content\/uploads\/2024\/12\/Community-Medium-300x200.jpeg 300w, https:\/\/www.pilgrim.pt\/wp-content\/uploads\/2024\/12\/Community-Medium-450x300.jpeg 450w, https:\/\/www.pilgrim.pt\/wp-content\/uploads\/2024\/12\/Community-Medium-600x400.jpeg 600w, https:\/\/www.pilgrim.pt\/wp-content\/uploads\/2024\/12\/Community-Medium-15x10.jpeg 15w, https:\/\/www.pilgrim.pt\/wp-content\/uploads\/2024\/12\/Community-Medium.jpeg 640w\" sizes=\"(max-width: 640px) 100vw, 640px\" \/>\t\t\t\t\t\t\t\t\t\t\t\t\t\t\t<\/div>\n\t\t\t\t<\/div>\n\t\t\t\t\t<\/div>\n\t\t\t\t<\/div>\n\t\t<div class=\"elementor-element elementor-element-9847981 e-flex e-con-boxed cmsmasters-block-default e-con e-parent\" data-id=\"9847981\" data-element_type=\"container\">\n\t\t\t\t\t<div class=\"e-con-inner\">\n\t\t\t\t<div class=\"elementor-element elementor-element-f1c55fe elementor-widget__width-initial elementor-widget-mobile__width-inherit cmsmasters-block-default cmsmasters-sticky-default elementor-widget elementor-widget-image\" data-id=\"f1c55fe\" data-element_type=\"widget\" data-widget_type=\"image.default\">\n\t\t\t\t<div class=\"elementor-widget-container\">\n\t\t\t\t\t\t\t\t\t\t\t\t\t\t\t<img loading=\"lazy\" decoding=\"async\" width=\"640\" height=\"425\" src=\"https:\/\/www.pilgrim.pt\/wp-content\/uploads\/2024\/12\/Simple-Medium-30x20.jpeg\" class=\"attachment-full size-full wp-image-42006 cmsmasters_img cmsmasters-lazyload lazyload\" alt=\"\" data-sizes=\"auto\" data-src=\"https:\/\/www.pilgrim.pt\/wp-content\/uploads\/2024\/12\/Simple-Medium.webp\" srcset=\"https:\/\/www.pilgrim.pt\/wp-content\/uploads\/2024\/12\/Simple-Medium-30x20.jpeg 30w, https:\/\/www.pilgrim.pt\/wp-content\/uploads\/2024\/12\/Simple-Medium-300x199.jpeg 300w, https:\/\/www.pilgrim.pt\/wp-content\/uploads\/2024\/12\/Simple-Medium-452x300.jpeg 452w, https:\/\/www.pilgrim.pt\/wp-content\/uploads\/2024\/12\/Simple-Medium-600x398.jpeg 600w, https:\/\/www.pilgrim.pt\/wp-content\/uploads\/2024\/12\/Simple-Medium-15x10.jpeg 15w, https:\/\/www.pilgrim.pt\/wp-content\/uploads\/2024\/12\/Simple-Medium.jpeg 640w\" sizes=\"(max-width: 640px) 100vw, 640px\" \/>\t\t\t\t\t\t\t\t\t\t\t\t\t\t\t<\/div>\n\t\t\t\t<\/div>\n\t\t\t\t<div class=\"elementor-element elementor-element-dc49844 cmsmasters-block-default cmsmasters-sticky-default elementor-widget elementor-widget-text-editor\" data-id=\"dc49844\" data-element_type=\"widget\" data-widget_type=\"text-editor.default\">\n\t\t\t\t<div class=\"elementor-widget-container\">\n\t\t\t\t\t\t\t\t\t<h2>Uma igreja simples<\/h2>\n<p>Em Igreja Internacional do Peregrino, concentramo-nos nos meios comuns de gra\u00e7a que Deus deu \u00e0 Sua igreja &#8211; a prega\u00e7\u00e3o da Sua Palavra, os sacramentos, a ora\u00e7\u00e3o, a comunh\u00e3o e o cuidado pastoral. Acreditamos que o crescimento espiritual genu\u00edno vem atrav\u00e9s destas pr\u00e1ticas b\u00edblicas, que t\u00eam alimentado o povo de Deus ao longo dos s\u00e9culos. Convidamos-te a juntares-te a n\u00f3s numa f\u00e9 que enfatiza a subst\u00e2ncia sobre o estilo e a adora\u00e7\u00e3o aut\u00eantica sobre o entretenimento, \u00e0 medida que procuramos conhecer e seguir Cristo juntos.  <\/p>\n\t\t\t\t\t\t\t\t<\/div>\n\t\t\t\t<\/div>\n\t\t\t\t\t<\/div>\n\t\t\t\t<\/div>\n\t\t<div class=\"elementor-element elementor-element-991f6f2 e-flex e-con-boxed cmsmasters-block-default e-con e-parent\" data-id=\"991f6f2\" data-element_type=\"container\">\n\t\t\t\t\t<div class=\"e-con-inner\">\n\t\t\t\t<div class=\"elementor-element elementor-element-15b3c0c elementor-cta--skin-cover elementor-animated-content elementor-bg-transform elementor-bg-transform-zoom-in cmsmasters-block-default cmsmasters-sticky-default elementor-widget elementor-widget-call-to-action\" data-id=\"15b3c0c\" data-element_type=\"widget\" data-widget_type=\"call-to-action.default\">\n\t\t\t\t<div class=\"elementor-widget-container\">\n\t\t\t\t\t\t\t<div class=\"elementor-cta\">\n\t\t\t\t\t<div class=\"elementor-cta__bg-wrapper\">\n\t\t\t\t<div class=\"elementor-cta__bg elementor-bg\" style=\"background-image: url(https:\/\/www.pilgrim.pt\/wp-content\/uploads\/2024\/12\/Cobbles-Medium.webp);\" role=\"img\" aria-label=\"Beautiful Cobblestone pavement forming a boat in Lisbon\"><\/div>\n\t\t\t\t<div class=\"elementor-cta__bg-overlay\"><\/div>\n\t\t\t<\/div>\n\t\t\t\t\t\t\t<div class=\"elementor-cta__content\">\n\t\t\t\t\n\t\t\t\t\t\t\t\t\t<h2 class=\"elementor-cta__title elementor-cta__content-item elementor-content-item elementor-animated-item--grow\">\n\t\t\t\t\t\tEst\u00e1s pronto para dar o pr\u00f3ximo passo?\t\t\t\t\t<\/h2>\n\t\t\t\t\n\t\t\t\t\n\t\t\t\t\t\t\t\t\t<div class=\"elementor-cta__button-wrapper elementor-cta__content-item elementor-content-item elementor-animated-item--grow\">\n\t\t\t\t\t<a class=\"elementor-cta__button elementor-button elementor-size-\" href=\"https:\/\/www.pilgrim.pt\/pt-pt\/participa\/\">\n\t\t\t\t\t\tVem ao culto de domingo\t\t\t\t\t<\/a>\n\t\t\t\t\t<\/div>\n\t\t\t\t\t\t\t<\/div>\n\t\t\t\t\t\t<\/div>\n\t\t\t\t\t\t<\/div>\n\t\t\t\t<\/div>\n\t\t\t\t\t<\/div>\n\t\t\t\t<\/div>\n\t\t\t\t<\/div>\n\t\t","protected":false},"excerpt":{"rendered":"<p>Que tipo de igreja \u00e9 a Pilgrim? Uma Igreja Internacional Igreja Internacional do Peregrino \u00e9 uma comunidade que acolhe pessoas de diversas origens culturais e nacionalidades. Como igreja internacional, proporcionamos&#8230;<\/p>\n","protected":false},"author":1,"featured_media":0,"parent":0,"menu_order":0,"comment_status":"closed","ping_status":"closed","template":"","meta":{"_acf_changed":false,"footnotes":""},"categories":[],"tags":[],"class_list":["post-42043","page","type-page","status-publish","hentry"],"acf":[],"_links":{"self":[{"href":"https:\/\/www.pilgrim.pt\/pt-pt\/wp-json\/wp\/v2\/pages\/42043","targetHints":{"allow":["GET"]}}],"collection":[{"href":"https:\/\/www.pilgrim.pt\/pt-pt\/wp-json\/wp\/v2\/pages"}],"about":[{"href":"https:\/\/www.pilgrim.pt\/pt-pt\/wp-json\/wp\/v2\/types\/page"}],"author":[{"embeddable":true,"href":"https:\/\/www.pilgrim.pt\/pt-pt\/wp-json\/wp\/v2\/users\/1"}],"replies":[{"embeddable":true,"href":"https:\/\/www.pilgrim.pt\/pt-pt\/wp-json\/wp\/v2\/comments?post=42043"}],"version-history":[{"count":21,"href":"https:\/\/www.pilgrim.pt\/pt-pt\/wp-json\/wp\/v2\/pages\/42043\/revisions"}],"predecessor-version":[{"id":42796,"href":"https:\/\/www.pilgrim.pt\/pt-pt\/wp-json\/wp\/v2\/pages\/42043\/revisions\/42796"}],"wp:attachment":[{"href":"https:\/\/www.pilgrim.pt\/pt-pt\/wp-json\/wp\/v2\/media?parent=42043"}],"wp:term":[{"taxonomy":"category","embeddable":true,"href":"https:\/\/www.pilgrim.pt\/pt-pt\/wp-json\/wp\/v2\/categories?post=42043"},{"taxonomy":"post_tag","embeddable":true,"href":"https:\/\/www.pilgrim.pt\/pt-pt\/wp-json\/wp\/v2\/tags?post=42043"}],"curies":[{"name":"wp","href":"https:\/\/api.w.org\/{rel}","templated":true}]}}