{"id":42041,"date":"2024-12-08T13:22:40","date_gmt":"2024-12-08T13:22:40","guid":{"rendered":"https:\/\/www.pilgrim.pt\/batismo\/"},"modified":"2024-12-12T13:46:12","modified_gmt":"2024-12-12T13:46:12","slug":"batismo","status":"publish","type":"page","link":"https:\/\/www.pilgrim.pt\/pt-pt\/batismo\/","title":{"rendered":"Batismo"},"content":{"rendered":"\t\t<div data-elementor-type=\"wp-page\" data-elementor-id=\"42041\" class=\"elementor elementor-42041 elementor-40861\" data-elementor-post-type=\"page\">\n\t\t\t\t<div class=\"elementor-element elementor-element-6f7ea1e5 e-flex e-con-boxed cmsmasters-bg-hide-none cmsmasters-bg-hide-none cmsmasters-block-default e-con e-parent\" data-id=\"6f7ea1e5\" data-element_type=\"container\" data-settings=\"{&quot;background_background&quot;:&quot;classic&quot;}\">\n\t\t\t\t\t<div class=\"e-con-inner\">\n\t\t\t\t<div class=\"elementor-element elementor-element-77b3229d cmsmasters-block-default cmsmasters-sticky-default elementor-widget elementor-widget-heading\" data-id=\"77b3229d\" data-element_type=\"widget\" data-widget_type=\"heading.default\">\n\t\t\t\t<div class=\"elementor-widget-container\">\n\t\t\t\t\t<h1 class=\"elementor-heading-title elementor-size-default\">Compreender o Batismo: Uma Perspetiva Reformada<\/h1>\t\t\t\t<\/div>\n\t\t\t\t<\/div>\n\t\t\t\t\t<\/div>\n\t\t\t\t<\/div>\n\t\t<div class=\"elementor-element elementor-element-350b451 e-flex e-con-boxed cmsmasters-block-default e-con e-parent\" data-id=\"350b451\" data-element_type=\"container\">\n\t\t\t\t\t<div class=\"e-con-inner\">\n\t\t\t\t<div class=\"elementor-element elementor-element-d990f4f cmsmasters-block-default cmsmasters-sticky-default elementor-widget elementor-widget-text-editor\" data-id=\"d990f4f\" data-element_type=\"widget\" data-widget_type=\"text-editor.default\">\n\t\t\t\t<div class=\"elementor-widget-container\">\n\t\t\t\t\t\t\t\t\t<p>O batismo \u00e9 um sacramento de profundo significado na f\u00e9 crist\u00e3. Como um sinal e selo da alian\u00e7a de Deus, simboliza tanto a nossa inclus\u00e3o na igreja vis\u00edvel como as realidades espirituais da uni\u00e3o com Cristo. Na Igreja Internacional do Peregrino, defendemos o entendimento reformado do batismo, enraizado nas Escrituras e articulado nos Padr\u00f5es de Westminster e nas Tr\u00eas Formas de Unidade. Este artigo procura explicar a nossa vis\u00e3o do batismo, abordando o seu significado, destinat\u00e1rios, administra\u00e7\u00e3o e implica\u00e7\u00f5es.   <\/p>\n<h4>O significado do batismo<\/h4>\n<p>O batismo \u00e9 um sacramento institu\u00eddo por Cristo (Mateus 28:19) para significar e selar os benef\u00edcios do pacto da gra\u00e7a. Tal como a Confiss\u00e3o de F\u00e9 de Westminster afirma, &#8220;O batismo \u00e9 um sacramento do novo testamento, ordenado por Jesus Cristo, n\u00e3o s\u00f3 para a admiss\u00e3o solene da parte baptizada na igreja vis\u00edvel, mas tamb\u00e9m para lhe servir de sinal e selo do pacto da gra\u00e7a, da sua integra\u00e7\u00e3o em Cristo, da regenera\u00e7\u00e3o, da remiss\u00e3o dos pecados e da sua entrega a Deus, por Jesus Cristo, para andar em novidade de vida&#8221; (CFW 28.1). <\/p>\n<p>Significa:<\/p>\n<ul data-spread=\"false\">\n<li><strong>Uni\u00e3o com Cristo na sua morte e ressurrei\u00e7\u00e3o:<\/strong> &#8220;N\u00e3o sabes que todos n\u00f3s, que fomos baptizados em Cristo Jesus, fomos baptizados na sua morte? N\u00e3o sabes que todos n\u00f3s, que fomos baptizados em Cristo Jesus, fomos baptizados na sua morte? Fomos, pois, sepultados com ele pelo batismo na morte, para que &#8230; tamb\u00e9m n\u00f3s andemos em novidade de vida&#8221; (Romanos 6,3-4).<\/li>\n<li><strong>Purifica\u00e7\u00e3o dos pecados:<\/strong> &#8220;Levanta-te e s\u00ea batizado, e lava os teus pecados, invocando o seu nome&#8221; (Actos 22,16).<\/li>\n<li><strong>A inclus\u00e3o na comunidade da Alian\u00e7a:<\/strong> &#8220;Porque a promessa \u00e9 para ti, para os teus filhos e para todos os que est\u00e3o longe, todos aqueles que o Senhor nosso Deus chamar para si&#8221; (Act 2,39).<\/li>\n<\/ul>\n<h4>Os destinat\u00e1rios do batismo<\/h4>\n<p>Na teologia reformada, o batismo deve ser administrado a dois grupos:<\/p>\n<ol start=\"1\" data-spread=\"false\">\n<li><strong>Adultos convertidos:<\/strong> Aqueles que professam f\u00e9 em Cristo e demonstram arrependimento (Actos 8:36-38). O batismo segue-se ao seu reconhecimento p\u00fablico do senhorio de Cristo. <\/li>\n<li><strong>Filhos de pais crentes:<\/strong> Os beb\u00e9s de um ou de ambos os pais crentes tamb\u00e9m devem ser baptizados. Os filhos dos crentes s\u00e3o membros da igreja e, portanto, t\u00eam direito ao batismo. Esta pr\u00e1tica baseia-se na continuidade da alian\u00e7a entre o Antigo e o Novo Testamento. Tal como a circuncis\u00e3o era administrada a crian\u00e7as no \u00e2mbito da alian\u00e7a de Abra\u00e3o (G\u00e9nesis 17:7-12), o batismo serve agora como sinal da alian\u00e7a para as crian\u00e7as no Novo Testamento (Colossenses 2:11-12).   <\/li>\n<\/ol>\n<h4>O batismo como sinal e selo<\/h4>\n<p>O batismo \u00e9 tanto um sinal como um selo. Como sinal, representa as promessas da alian\u00e7a de Deus &#8211; a uni\u00e3o com Cristo, o perd\u00e3o dos pecados e o dom do Esp\u00edrito Santo (Actos 2:38-39). Como selo, confirma essas promessas para o crente. No entanto, a efic\u00e1cia do batismo n\u00e3o est\u00e1 ligada ao momento da sua administra\u00e7\u00e3o, nem depende da apreens\u00e3o consciente do recetor do que est\u00e1 a acontecer (por exemplo, o batismo infantil). O Catecismo de Heidelberg explica: &#8220;Assim como a \u00e1gua lava a sujidade do corpo, assim tamb\u00e9m o seu sangue e o seu Esp\u00edrito lavam a impureza da minha alma, isto \u00e9, todos os meus pecados&#8221; (CH Q&amp;A 69).    <\/p>\n<h4>A administra\u00e7\u00e3o do batismo<\/h4>\n<p>A administra\u00e7\u00e3o adequada do batismo requer \u00e1gua e a invoca\u00e7\u00e3o do nome do Deus Tri\u00fano: Pai, Filho e Esp\u00edrito Santo (Mateus 28:19). Deve ser realizado por um ministro leg\u00edtimo do evangelho dentro do contexto da igreja vis\u00edvel. Como a Confiss\u00e3o de Westminster afirma, o batismo deve ser administrado &#8220;por um ministro do evangelho, legitimamente chamado para o efeito&#8221; (CFW 28.2).  <\/p>\n<p>A validade do batismo n\u00e3o depende da piedade pessoal ou do car\u00e1ter moral do ministro. Isso distingue a nossa posi\u00e7\u00e3o dos donatistas, uma seita do s\u00e9culo IV que argumentava que os sacramentos eram inv\u00e1lidos se realizados por cl\u00e9rigos que haviam renegado a f\u00e9 sob persegui\u00e7\u00e3o. A teologia reformada defende que a validade do sacramento depende da sua administra\u00e7\u00e3o dentro da igreja vis\u00edvel e de acordo com a institui\u00e7\u00e3o de Cristo (1 Cor\u00edntios 3:5-7).  <\/p>\n<p>Normalmente, baptizamos derramando \u00e1gua sobre a cabe\u00e7a da pessoa a ser baptizada, mas o modo de batismo (derramamento, imers\u00e3o ou aspers\u00e3o) \u00e9 indiferente.<\/p>\n<h4>Re-batismo e certeza de salva\u00e7\u00e3o<\/h4>\n<p>O rebatismo n\u00e3o \u00e9 praticado na tradi\u00e7\u00e3o reformada porque mina a seguran\u00e7a das promessas da alian\u00e7a de Deus. O batismo significa a natureza \u00fanica da salva\u00e7\u00e3o (Ef\u00e9sios 4:5) e reflecte a seguran\u00e7a daqueles que est\u00e3o verdadeiramente em Cristo (Jo\u00e3o 10:28-29) com base na sua obra perfeita e acabada. O batismo reflecte a fidelidade de Deus, n\u00e3o as nossas emo\u00e7\u00f5es, sentimentos espirituais ou avalia\u00e7\u00e3o subjectiva da nossa condi\u00e7\u00e3o espiritual.  <\/p>\n<p>Sugerir que o batismo deve ser repetido mina a certeza da salva\u00e7\u00e3o e a sufici\u00eancia da obra consumada de Cristo.<\/p>\n<h4>Porque n\u00e3o reconhecemos o batismo cat\u00f3lico romano<\/h4>\n<p data-pm-slice=\"1 1 []\">Na Igreja Internacional do Peregrino, valorizamos profundamente a unidade entre os crist\u00e3os e esfor\u00e7amo-nos por manter um esp\u00edrito de caridade e humildade nas nossas intera\u00e7\u00f5es com todos os que professam a f\u00e9 em Cristo. No entanto, tamb\u00e9m reconhecemos a import\u00e2ncia de nos mantermos firmes na verdade b\u00edblica, mesmo quando isso cria divis\u00f5es. Uma \u00e1rea em que este princ\u00edpio se aplica \u00e9 a nossa compreens\u00e3o do batismo e a nossa pr\u00e1tica relativamente \u00e0queles que foram baptizados na Igreja Cat\u00f3lica Romana.  <\/p>\n<p>Para alguns, a nossa pr\u00e1tica de batizar indiv\u00edduos que v\u00eam at\u00e9 n\u00f3s de origens cat\u00f3licas romanas pode parecer invulgar ou mesmo ofensiva, como se estiv\u00e9ssemos a fazer um &#8220;re-batismo&#8221;. No entanto, mantemos esta posi\u00e7\u00e3o porque n\u00e3o reconhecemos o batismo cat\u00f3lico romano como batismo crist\u00e3o. Abaixo, descrevemos as nossas raz\u00f5es para esta convic\u00e7\u00e3o num esp\u00edrito de clareza e bondade, mantendo-nos sem desculpas no nosso compromisso com a fidelidade b\u00edblica.  <\/p>\n<h5>O batismo como admiss\u00e3o na Igreja<\/h5>\n<p>A B\u00edblia ensina que o batismo \u00e9 um sacramento de inicia\u00e7\u00e3o, que marca a entrada de uma pessoa na igreja vis\u00edvel. Este papel \u00e9 an\u00e1logo ao da circuncis\u00e3o no Antigo Testamento, que significava a perten\u00e7a \u00e0 comunidade da alian\u00e7a de Israel. Tal como a circuncis\u00e3o admitia uma pessoa na comunidade vis\u00edvel do povo de Deus, tamb\u00e9m o batismo admite uma pessoa na igreja vis\u00edvel. No entanto, ao contr\u00e1rio da circuncis\u00e3o, o batismo \u00e9 administrado tanto a rapazes como a raparigas, homens e mulheres (G\u00e1latas 3:28). Para que um batismo seja v\u00e1lido, tem de ser administrado por um ramo verdadeiro da igreja vis\u00edvel de Cristo. Al\u00e9m disso, a nossa confiss\u00e3o de f\u00e9 afirma que o batismo s\u00f3 \u00e9 administrado por um ministro do evangelho legalmente chamado para esse of\u00edcio. Isso nos leva a perguntar: A Igreja Cat\u00f3lica Romana \u00e9 um verdadeiro ramo da igreja vis\u00edvel? Os seus sacerdotes s\u00e3o verdadeiramente ministros do evangelho?       <\/p>\n<h5>As marcas de uma verdadeira igreja<\/h5>\n<p>A tradi\u00e7\u00e3o hist\u00f3rica Reformada identificou tr\u00eas marcas pelas quais uma verdadeira igreja vis\u00edvel pode ser reconhecida:<\/p>\n<ol start=\"1\" data-spread=\"false\">\n<li><strong>A prega\u00e7\u00e3o pura do Evangelho<\/strong><\/li>\n<li><strong>A correta administra\u00e7\u00e3o dos sacramentos<\/strong><\/li>\n<li><strong>O exerc\u00edcio fiel da disciplina da Igreja<\/strong><\/li>\n<\/ol>\n<p>De acordo com estes padr\u00f5es b\u00edblicos e hist\u00f3ricos, acreditamos que a Igreja Cat\u00f3lica Romana n\u00e3o constitui um verdadeiro ramo da igreja vis\u00edvel.<\/p>\n<ol start=\"1\" data-spread=\"true\">\n<li><strong>A Igreja Cat\u00f3lica Romana N\u00e3o Prega o Evangelho<\/strong><br \/>O evangelho \u00e9 a boa not\u00edcia de que somos justificados pela gra\u00e7a de Deus atrav\u00e9s da f\u00e9 somente em Jesus Cristo (Ef\u00e9sios 2:8-9; G\u00e1latas 2:16). O Conc\u00edlio de Trento, um momento decisivo na hist\u00f3ria da Igreja Cat\u00f3lica Romana, anatematizou a doutrina da justifica\u00e7\u00e3o apenas pela f\u00e9. Essa rejei\u00e7\u00e3o da mensagem central do evangelho significa que a Igreja Cat\u00f3lica Romana n\u00e3o cumpre a primeira e mais essencial marca de uma igreja verdadeira: a pura prega\u00e7\u00e3o do evangelho.  <\/li>\n<li><strong>A Igreja Cat\u00f3lica Romana N\u00e3o Observa os Sacramentos Corretamente<\/strong><br \/>Os sacramentos foram institu\u00eddos por Cristo para serem sinais e selos da Sua alian\u00e7a de gra\u00e7a (Romanos 4:11). A Igreja Cat\u00f3lica Romana, no entanto, ensina que, na Ceia do Senhor, o p\u00e3o e o vinho s\u00e3o transformados no corpo e no sangue literais de Cristo (uma doutrina conhecida como transubstancia\u00e7\u00e3o). Consequentemente, eles adoram os elementos consagrados como se fossem o pr\u00f3prio Jesus Cristo. Esta pr\u00e1tica constitui idolatria, violando o segundo mandamento e distorcendo o objetivo do sacramento. Assim, a Igreja Cat\u00f3lica Romana falha em administrar os sacramentos como Cristo pretendia, e o ato central da sua adora\u00e7\u00e3o \u00e9 id\u00f3latra.    <\/li>\n<li><strong>A Igreja Cat\u00f3lica Romana N\u00e3o Pratica a Disciplina Corretamente<\/strong><br \/>A disciplina fiel da igreja preserva a pureza da igreja e protege os seus membros do pecado (Mateus 18:15-17). Embora a Igreja Cat\u00f3lica Romana mantenha uma extensa estrutura hier\u00e1rquica, ela n\u00e3o exerce a disciplina da igreja de forma consistente ou b\u00edblica. A sua falha em manter esta marca sublinha ainda mais o seu desvio do modelo de uma verdadeira igreja vis\u00edvel.  <\/li>\n<\/ol>\n<h5>Implica\u00e7\u00f5es para o batismo<\/h5>\n<p>Porque a Igreja Cat\u00f3lica Romana n\u00e3o exibe as marcas de uma igreja verdadeira, ela n\u00e3o pode admitir indiv\u00edduos na igreja vis\u00edvel. Os seus sacerdotes n\u00e3o s\u00e3o verdadeiros ministros de Cristo, nem s\u00e3o membros de uma verdadeira igreja vis\u00edvel. Portanto, a sua administra\u00e7\u00e3o do batismo \u00e9 inv\u00e1lida. Quando algu\u00e9m batizado na Igreja Cat\u00f3lica Romana vem \u00e0 Igreja Internacional do Peregrino, n\u00e3o vemos o seu batismo como um batismo crist\u00e3o. Em vez disso, vemos a sua vinda \u00e0 f\u00e9 como uma ocasi\u00e3o para receber o verdadeiro batismo crist\u00e3o &#8211; n\u00e3o como um re-batismo, mas como o seu primeiro batismo v\u00e1lido.    <\/p>\n<h5>Uma distin\u00e7\u00e3o da controv\u00e9rsia donatista<\/h5>\n<p>Conforme mencionado acima, a nossa posi\u00e7\u00e3o n\u00e3o deve ser confundida com o erro dos donatistas, uma seita do s\u00e9culo IV que questionava a validade dos sacramentos realizados por cl\u00e9rigos que haviam renegado a f\u00e9 sob persegui\u00e7\u00e3o. Os donatistas argumentavam que os sacramentos eram inv\u00e1lidos se fossem administrados por ministros de car\u00e1cter moral ou hist\u00f3ria pessoal question\u00e1veis. Em contraste, n\u00f3s afirmamos que a validade de um sacramento n\u00e3o depende da regenera\u00e7\u00e3o pessoal ou do car\u00e1cter moral do ministro, mas da sua rela\u00e7\u00e3o adequada com a igreja vis\u00edvel. Para que um sacramento seja v\u00e1lido, ele deve ser administrado por algu\u00e9m que seja membro de uma verdadeira igreja vis\u00edvel, exercendo seu of\u00edcio dentro desse contexto. Essa distin\u00e7\u00e3o ressalta que nossa posi\u00e7\u00e3o n\u00e3o se concentra na posi\u00e7\u00e3o invis\u00edvel do ministro individual diante de Deus, mas em sua conex\u00e3o vis\u00edvel com a verdadeira igreja de Cristo.    <\/p>\n<h4>Um apelo \u00e0 pr\u00e1tica fiel<\/h4>\n<p>O batismo \u00e9 um dom da gra\u00e7a, n\u00e3o uma obra do homem. Recorda-nos a fidelidade da alian\u00e7a de Deus e chama-nos a viver como pessoas separadas para os Seus prop\u00f3sitos. Quer seja administrado a uma crian\u00e7a ou a um adulto convertido, o batismo aponta para a realidade da obra salvadora de Deus em Cristo. Ao administrarmos este sacramento, fazemo-lo em obedi\u00eancia ao mandamento de Cristo e com confian\u00e7a nas Suas promessas.   <\/p>\n<p>Na Igreja Internacional do Peregrino, estamos empenhados em defender o ensino b\u00edblico sobre o batismo. Convidamos qualquer pessoa com d\u00favidas ou preocupa\u00e7\u00f5es a envolver-se connosco enquanto procuramos glorificar a Deus e administrar fielmente os Seus sacramentos. <\/p>\n\t\t\t\t\t\t\t\t<\/div>\n\t\t\t\t<\/div>\n\t\t\t\t\t<\/div>\n\t\t\t\t<\/div>\n\t\t<div class=\"elementor-element elementor-element-84d3b52 e-flex e-con-boxed cmsmasters-block-default e-con e-parent\" data-id=\"84d3b52\" data-element_type=\"container\">\n\t\t\t\t\t<div class=\"e-con-inner\">\n\t\t\t\t<div class=\"elementor-element elementor-element-c32391e elementor-cta--skin-cover elementor-animated-content elementor-bg-transform elementor-bg-transform-zoom-in cmsmasters-block-default cmsmasters-sticky-default elementor-widget elementor-widget-call-to-action\" data-id=\"c32391e\" data-element_type=\"widget\" data-widget_type=\"call-to-action.default\">\n\t\t\t\t<div class=\"elementor-widget-container\">\n\t\t\t\t\t\t\t<div class=\"elementor-cta\">\n\t\t\t\t\t<div class=\"elementor-cta__bg-wrapper\">\n\t\t\t\t<div class=\"elementor-cta__bg elementor-bg\" style=\"background-image: url(https:\/\/www.pilgrim.pt\/wp-content\/uploads\/2024\/12\/pexels-joaojesusdesign-1080230-Medium.webp);\" role=\"img\" aria-label=\"pexels-joaojesusdesign-1080230 Medium\"><\/div>\n\t\t\t\t<div class=\"elementor-cta__bg-overlay\"><\/div>\n\t\t\t<\/div>\n\t\t\t\t\t\t\t<div class=\"elementor-cta__content\">\n\t\t\t\t\n\t\t\t\t\t\t\t\t\t<h2 class=\"elementor-cta__title elementor-cta__content-item elementor-content-item elementor-animated-item--grow\">\n\t\t\t\t\t\tQueres continuar a aprender?\t\t\t\t\t<\/h2>\n\t\t\t\t\n\t\t\t\t\n\t\t\t\t\t\t\t\t\t<div class=\"elementor-cta__button-wrapper elementor-cta__content-item elementor-content-item elementor-animated-item--grow\">\n\t\t\t\t\t<a class=\"elementor-cta__button elementor-button elementor-size-\" href=\"https:\/\/www.pilgrim.pt\/pt-pt\/participa\/\">\n\t\t\t\t\t\tParticipa\t\t\t\t\t<\/a>\n\t\t\t\t\t<\/div>\n\t\t\t\t\t\t\t<\/div>\n\t\t\t\t\t\t<\/div>\n\t\t\t\t\t\t<\/div>\n\t\t\t\t<\/div>\n\t\t\t\t\t<\/div>\n\t\t\t\t<\/div>\n\t\t\t\t<\/div>\n\t\t","protected":false},"excerpt":{"rendered":"<p>Compreender o Batismo: Uma Perspetiva Reformada O batismo \u00e9 um sacramento de profundo significado na f\u00e9 crist\u00e3. Como um sinal e selo da alian\u00e7a de Deus, simboliza tanto a nossa&#8230;<\/p>\n","protected":false},"author":1,"featured_media":41996,"parent":0,"menu_order":0,"comment_status":"closed","ping_status":"closed","template":"elementor_header_footer","meta":{"_acf_changed":false,"footnotes":""},"categories":[90],"tags":[86],"class_list":["post-42041","page","type-page","status-publish","has-post-thumbnail","hentry","category-artigo","tag-primeira-pagina"],"acf":[],"_links":{"self":[{"href":"https:\/\/www.pilgrim.pt\/pt-pt\/wp-json\/wp\/v2\/pages\/42041","targetHints":{"allow":["GET"]}}],"collection":[{"href":"https:\/\/www.pilgrim.pt\/pt-pt\/wp-json\/wp\/v2\/pages"}],"about":[{"href":"https:\/\/www.pilgrim.pt\/pt-pt\/wp-json\/wp\/v2\/types\/page"}],"author":[{"embeddable":true,"href":"https:\/\/www.pilgrim.pt\/pt-pt\/wp-json\/wp\/v2\/users\/1"}],"replies":[{"embeddable":true,"href":"https:\/\/www.pilgrim.pt\/pt-pt\/wp-json\/wp\/v2\/comments?post=42041"}],"version-history":[{"count":8,"href":"https:\/\/www.pilgrim.pt\/pt-pt\/wp-json\/wp\/v2\/pages\/42041\/revisions"}],"predecessor-version":[{"id":42592,"href":"https:\/\/www.pilgrim.pt\/pt-pt\/wp-json\/wp\/v2\/pages\/42041\/revisions\/42592"}],"wp:featuredmedia":[{"embeddable":true,"href":"https:\/\/www.pilgrim.pt\/pt-pt\/wp-json\/wp\/v2\/media\/41996"}],"wp:attachment":[{"href":"https:\/\/www.pilgrim.pt\/pt-pt\/wp-json\/wp\/v2\/media?parent=42041"}],"wp:term":[{"taxonomy":"category","embeddable":true,"href":"https:\/\/www.pilgrim.pt\/pt-pt\/wp-json\/wp\/v2\/categories?post=42041"},{"taxonomy":"post_tag","embeddable":true,"href":"https:\/\/www.pilgrim.pt\/pt-pt\/wp-json\/wp\/v2\/tags?post=42041"}],"curies":[{"name":"wp","href":"https:\/\/api.w.org\/{rel}","templated":true}]}}